{"id":3397271,"date":"2025-10-09T22:35:58","date_gmt":"2025-10-10T02:35:58","guid":{"rendered":"https:\/\/stoic-curie.212-227-153-4.plesk.page\/product\/gelbe-hochfeste-polyesterleine-rolle-3mm-x-15mt\/"},"modified":"2026-02-24T23:34:44","modified_gmt":"2026-02-24T23:34:44","slug":"gelbe-hochfeste-polyesterleine-rolle-3mm-x-15mt","status":"publish","type":"product","link":"https:\/\/stoic-curie.212-227-153-4.plesk.page\/de\/product\/gelbe-hochfeste-polyesterleine-rolle-3mm-x-15mt\/","title":{"rendered":"Gelbe hochfeste Polyesterleine Rolle 3mm x 15mt"},"content":{"rendered":"<p>Gelbe hochfeste Polyesterleine Rolle 3mm x 15mt &#8211; <\/p>\n<p>Mini-Spulen aus vollfarbigem Polypropylen. Geeignet f\u00fcr Schl\u00fcsselb\u00e4nder, Bindungen und andere Anwendungen.<\/p>\n","protected":false},"excerpt":{"rendered":"<p>Gelbe hochfeste Polyesterleine Rolle 3mm x 15mt &#8211; Mini-Spulen aus vollfarbigem Polypropylen. Geeignet f\u00fcr Schl\u00fcsselb\u00e4nder, Bindungen und andere Anwendungen.<\/p>\n","protected":false},"featured_media":5937470,"comment_status":"closed","ping_status":"closed","template":"","meta":[],"product_brand":[3235],"product_cat":[1481],"product_tag":[],"class_list":{"0":"post-3397271","1":"product","2":"type-product","3":"status-publish","4":"has-post-thumbnail","6":"product_brand-osculati-de","7":"product_cat-schoten-und-taljen","9":"first","10":"instock","11":"shipping-taxable","12":"purchasable","13":"product-type-simple"},"_links":{"self":[{"href":"https:\/\/stoic-curie.212-227-153-4.plesk.page\/de\/wp-json\/wp\/v2\/product\/3397271","targetHints":{"allow":["GET"]}}],"collection":[{"href":"https:\/\/stoic-curie.212-227-153-4.plesk.page\/de\/wp-json\/wp\/v2\/product"}],"about":[{"href":"https:\/\/stoic-curie.212-227-153-4.plesk.page\/de\/wp-json\/wp\/v2\/types\/product"}],"replies":[{"embeddable":true,"href":"https:\/\/stoic-curie.212-227-153-4.plesk.page\/de\/wp-json\/wp\/v2\/comments?post=3397271"}],"version-history":[{"count":0,"href":"https:\/\/stoic-curie.212-227-153-4.plesk.page\/de\/wp-json\/wp\/v2\/product\/3397271\/revisions"}],"wp:featuredmedia":[{"embeddable":true,"href":"https:\/\/stoic-curie.212-227-153-4.plesk.page\/de\/wp-json\/wp\/v2\/media\/5937470"}],"wp:attachment":[{"href":"https:\/\/stoic-curie.212-227-153-4.plesk.page\/de\/wp-json\/wp\/v2\/media?parent=3397271"}],"wp:term":[{"taxonomy":"product_brand","embeddable":true,"href":"https:\/\/stoic-curie.212-227-153-4.plesk.page\/de\/wp-json\/wp\/v2\/product_brand?post=3397271"},{"taxonomy":"product_cat","embeddable":true,"href":"https:\/\/stoic-curie.212-227-153-4.plesk.page\/de\/wp-json\/wp\/v2\/product_cat?post=3397271"},{"taxonomy":"product_tag","embeddable":true,"href":"https:\/\/stoic-curie.212-227-153-4.plesk.page\/de\/wp-json\/wp\/v2\/product_tag?post=3397271"}],"curies":[{"name":"wp","href":"https:\/\/api.w.org\/{rel}","templated":true}]}}