{"id":3397346,"date":"2025-10-09T22:36:01","date_gmt":"2025-10-10T02:36:01","guid":{"rendered":"https:\/\/stoic-curie.212-227-153-4.plesk.page\/product\/dhr-gluehbirnen-fuer-navigationslichter-bay15-24v-10w\/"},"modified":"2026-02-24T23:34:44","modified_gmt":"2026-02-24T23:34:44","slug":"dhr-gluehbirnen-fuer-navigationslichter-bay15-24v-10w","status":"publish","type":"product","link":"https:\/\/stoic-curie.212-227-153-4.plesk.page\/de\/product\/dhr-gluehbirnen-fuer-navigationslichter-bay15-24v-10w\/","title":{"rendered":"DHR Gl\u00fchbirnen f\u00fcr Navigationslichter BAY15 24V 10W"},"content":{"rendered":"<p>DHR Gl\u00fchbirnen f\u00fcr Navigationslichter BAY15 24V 10W &#8211; <\/p>\n<p>Doppelte Kontakt BAY15 Bajonettsockel vertikale Original DHR Gl\u00fchbirnen f\u00fcr Navigationslichter von Booten \u00fcber 12 m: DHR &#8211; Hella &#8211; Aqua Signal.<\/p>\n","protected":false},"excerpt":{"rendered":"<p>DHR Gl\u00fchbirnen f\u00fcr Navigationslichter BAY15 24V 10W &#8211; Doppelte Kontakt BAY15 Bajonettsockel vertikale Original DHR Gl\u00fchbirnen f\u00fcr Navigationslichter von Booten<\/p>\n","protected":false},"featured_media":5936582,"comment_status":"closed","ping_status":"closed","template":"","meta":[],"product_brand":[2880],"product_cat":[1454],"product_tag":[],"class_list":{"0":"post-3397346","1":"product","2":"type-product","3":"status-publish","4":"has-post-thumbnail","6":"product_brand-dhr-de","7":"product_cat-navigationlichter","9":"first","10":"instock","11":"shipping-taxable","12":"purchasable","13":"product-type-simple"},"_links":{"self":[{"href":"https:\/\/stoic-curie.212-227-153-4.plesk.page\/de\/wp-json\/wp\/v2\/product\/3397346","targetHints":{"allow":["GET"]}}],"collection":[{"href":"https:\/\/stoic-curie.212-227-153-4.plesk.page\/de\/wp-json\/wp\/v2\/product"}],"about":[{"href":"https:\/\/stoic-curie.212-227-153-4.plesk.page\/de\/wp-json\/wp\/v2\/types\/product"}],"replies":[{"embeddable":true,"href":"https:\/\/stoic-curie.212-227-153-4.plesk.page\/de\/wp-json\/wp\/v2\/comments?post=3397346"}],"version-history":[{"count":0,"href":"https:\/\/stoic-curie.212-227-153-4.plesk.page\/de\/wp-json\/wp\/v2\/product\/3397346\/revisions"}],"wp:featuredmedia":[{"embeddable":true,"href":"https:\/\/stoic-curie.212-227-153-4.plesk.page\/de\/wp-json\/wp\/v2\/media\/5936582"}],"wp:attachment":[{"href":"https:\/\/stoic-curie.212-227-153-4.plesk.page\/de\/wp-json\/wp\/v2\/media?parent=3397346"}],"wp:term":[{"taxonomy":"product_brand","embeddable":true,"href":"https:\/\/stoic-curie.212-227-153-4.plesk.page\/de\/wp-json\/wp\/v2\/product_brand?post=3397346"},{"taxonomy":"product_cat","embeddable":true,"href":"https:\/\/stoic-curie.212-227-153-4.plesk.page\/de\/wp-json\/wp\/v2\/product_cat?post=3397346"},{"taxonomy":"product_tag","embeddable":true,"href":"https:\/\/stoic-curie.212-227-153-4.plesk.page\/de\/wp-json\/wp\/v2\/product_tag?post=3397346"}],"curies":[{"name":"wp","href":"https:\/\/api.w.org\/{rel}","templated":true}]}}