{"id":3397394,"date":"2025-10-09T22:36:03","date_gmt":"2025-10-10T02:36:03","guid":{"rendered":"https:\/\/stoic-curie.212-227-153-4.plesk.page\/product\/quicksilver-4-takt-innen-und-aussenbordmotoroel-sae-25w-40-1-l\/"},"modified":"2026-02-24T23:34:44","modified_gmt":"2026-02-24T23:34:44","slug":"quicksilver-4-takt-innen-und-aussenbordmotoroel-sae-25w-40-1-l","status":"publish","type":"product","link":"https:\/\/stoic-curie.212-227-153-4.plesk.page\/de\/product\/quicksilver-4-takt-innen-und-aussenbordmotoroel-sae-25w-40-1-l\/","title":{"rendered":"Quicksilver 4-Takt-Innen- und Au\u00dfenbordmotor\u00f6l SAE 25W-40 1 l"},"content":{"rendered":"<p>Quicksilver 4-Takt-Innen- und Au\u00dfenbordmotor\u00f6l SAE 25W-40 1 l &#8211; <\/p>\n<p>4-Takt SAE 25W-40 Innenbord- und Au\u00dfenbordmotoren\u00f6l.<\/p>\n","protected":false},"excerpt":{"rendered":"<p>Quicksilver 4-Takt-Innen- und Au\u00dfenbordmotor\u00f6l SAE 25W-40 1 l &#8211; 4-Takt SAE 25W-40 Innenbord- und Au\u00dfenbordmotoren\u00f6l.<\/p>\n","protected":false},"featured_media":5937530,"comment_status":"closed","ping_status":"closed","template":"","meta":[],"product_brand":[3285],"product_cat":[1515],"product_tag":[],"class_list":{"0":"post-3397394","1":"product","2":"type-product","3":"status-publish","4":"has-post-thumbnail","6":"product_brand-quicksilver-de","7":"product_cat-marine-motoroel","9":"first","10":"instock","11":"shipping-taxable","12":"purchasable","13":"product-type-simple"},"_links":{"self":[{"href":"https:\/\/stoic-curie.212-227-153-4.plesk.page\/de\/wp-json\/wp\/v2\/product\/3397394","targetHints":{"allow":["GET"]}}],"collection":[{"href":"https:\/\/stoic-curie.212-227-153-4.plesk.page\/de\/wp-json\/wp\/v2\/product"}],"about":[{"href":"https:\/\/stoic-curie.212-227-153-4.plesk.page\/de\/wp-json\/wp\/v2\/types\/product"}],"replies":[{"embeddable":true,"href":"https:\/\/stoic-curie.212-227-153-4.plesk.page\/de\/wp-json\/wp\/v2\/comments?post=3397394"}],"version-history":[{"count":0,"href":"https:\/\/stoic-curie.212-227-153-4.plesk.page\/de\/wp-json\/wp\/v2\/product\/3397394\/revisions"}],"wp:featuredmedia":[{"embeddable":true,"href":"https:\/\/stoic-curie.212-227-153-4.plesk.page\/de\/wp-json\/wp\/v2\/media\/5937530"}],"wp:attachment":[{"href":"https:\/\/stoic-curie.212-227-153-4.plesk.page\/de\/wp-json\/wp\/v2\/media?parent=3397394"}],"wp:term":[{"taxonomy":"product_brand","embeddable":true,"href":"https:\/\/stoic-curie.212-227-153-4.plesk.page\/de\/wp-json\/wp\/v2\/product_brand?post=3397394"},{"taxonomy":"product_cat","embeddable":true,"href":"https:\/\/stoic-curie.212-227-153-4.plesk.page\/de\/wp-json\/wp\/v2\/product_cat?post=3397394"},{"taxonomy":"product_tag","embeddable":true,"href":"https:\/\/stoic-curie.212-227-153-4.plesk.page\/de\/wp-json\/wp\/v2\/product_tag?post=3397394"}],"curies":[{"name":"wp","href":"https:\/\/api.w.org\/{rel}","templated":true}]}}