{"id":3397432,"date":"2025-10-09T22:36:04","date_gmt":"2025-10-10T02:36:04","guid":{"rendered":"https:\/\/stoic-curie.212-227-153-4.plesk.page\/product\/thetford-aqua-kem-blau-2-liter\/"},"modified":"2026-02-24T23:34:44","modified_gmt":"2026-02-24T23:34:44","slug":"thetford-aqua-kem-blau-2-liter","status":"publish","type":"product","link":"https:\/\/stoic-curie.212-227-153-4.plesk.page\/de\/product\/thetford-aqua-kem-blau-2-liter\/","title":{"rendered":"Thetford Aqua Kem Blau 2 Liter"},"content":{"rendered":"<p>Thetford Aqua Kem Blau 2 Liter &#8211; <\/p>\n<p>Thetford Aquakem Blue Fl\u00fcssigkeit f\u00fcr die Toilettenabfalltank. Wirkt hervorragend gegen Abwasser, ist jedoch sanft zum Abfalltank. Verfl\u00fcssigt feste Abf\u00e4lle und Papier f\u00fcr eine einfache Entsorgung. Reduziert Gasbildung und h\u00e4lt den Tank frisch und sauber.<\/p>\n","protected":false},"excerpt":{"rendered":"<p>Thetford Aqua Kem Blau 2 Liter &#8211; Thetford Aquakem Blue Fl\u00fcssigkeit f\u00fcr die Toilettenabfalltank. Wirkt hervorragend gegen Abwasser, ist jedoch<\/p>\n","protected":false},"featured_media":5937535,"comment_status":"closed","ping_status":"closed","template":"","meta":[],"product_brand":[3485],"product_cat":[1362,1388,1341],"product_tag":[],"class_list":{"0":"post-3397432","1":"product","2":"type-product","3":"status-publish","4":"has-post-thumbnail","6":"product_brand-thetford-de","7":"product_cat-abwassertanks","8":"product_cat-marine-wcs","9":"product_cat-produkte-zur-reinigung","11":"first","12":"outofstock","13":"shipping-taxable","14":"purchasable","15":"product-type-simple"},"_links":{"self":[{"href":"https:\/\/stoic-curie.212-227-153-4.plesk.page\/de\/wp-json\/wp\/v2\/product\/3397432","targetHints":{"allow":["GET"]}}],"collection":[{"href":"https:\/\/stoic-curie.212-227-153-4.plesk.page\/de\/wp-json\/wp\/v2\/product"}],"about":[{"href":"https:\/\/stoic-curie.212-227-153-4.plesk.page\/de\/wp-json\/wp\/v2\/types\/product"}],"replies":[{"embeddable":true,"href":"https:\/\/stoic-curie.212-227-153-4.plesk.page\/de\/wp-json\/wp\/v2\/comments?post=3397432"}],"version-history":[{"count":0,"href":"https:\/\/stoic-curie.212-227-153-4.plesk.page\/de\/wp-json\/wp\/v2\/product\/3397432\/revisions"}],"wp:featuredmedia":[{"embeddable":true,"href":"https:\/\/stoic-curie.212-227-153-4.plesk.page\/de\/wp-json\/wp\/v2\/media\/5937535"}],"wp:attachment":[{"href":"https:\/\/stoic-curie.212-227-153-4.plesk.page\/de\/wp-json\/wp\/v2\/media?parent=3397432"}],"wp:term":[{"taxonomy":"product_brand","embeddable":true,"href":"https:\/\/stoic-curie.212-227-153-4.plesk.page\/de\/wp-json\/wp\/v2\/product_brand?post=3397432"},{"taxonomy":"product_cat","embeddable":true,"href":"https:\/\/stoic-curie.212-227-153-4.plesk.page\/de\/wp-json\/wp\/v2\/product_cat?post=3397432"},{"taxonomy":"product_tag","embeddable":true,"href":"https:\/\/stoic-curie.212-227-153-4.plesk.page\/de\/wp-json\/wp\/v2\/product_tag?post=3397432"}],"curies":[{"name":"wp","href":"https:\/\/api.w.org\/{rel}","templated":true}]}}