{"id":3397992,"date":"2025-10-09T22:36:25","date_gmt":"2025-10-10T02:36:25","guid":{"rendered":"https:\/\/stoic-curie.212-227-153-4.plesk.page\/product\/schwarzes-oesenband-fuer-gurtband-30mm\/"},"modified":"2026-02-24T23:34:45","modified_gmt":"2026-02-24T23:34:45","slug":"schwarzes-oesenband-fuer-gurtband-30mm","status":"publish","type":"product","link":"https:\/\/stoic-curie.212-227-153-4.plesk.page\/de\/product\/schwarzes-oesenband-fuer-gurtband-30mm\/","title":{"rendered":"Schwarzes \u00d6senband f\u00fcr Gurtband 30mm"},"content":{"rendered":"<p>Schwarzes \u00d6senband f\u00fcr Gurtband 30mm &#8211; Kunststoff Schn\u00fcr\u00f6sen zur Befestigung von Riemen.<\/p>\n","protected":false},"excerpt":{"rendered":"<p>Schwarzes \u00d6senband f\u00fcr Gurtband 30mm &#8211; Kunststoff Schn\u00fcr\u00f6sen zur Befestigung von Riemen.<\/p>\n","protected":false},"featured_media":5937633,"comment_status":"closed","ping_status":"closed","template":"","meta":[],"product_brand":[3490],"product_cat":[1551],"product_tag":[],"class_list":{"0":"post-3397992","1":"product","2":"type-product","3":"status-publish","4":"has-post-thumbnail","6":"product_brand-trem-de","7":"product_cat-gurte-und-spanngurte","9":"first","10":"instock","11":"shipping-taxable","12":"purchasable","13":"product-type-simple"},"_links":{"self":[{"href":"https:\/\/stoic-curie.212-227-153-4.plesk.page\/de\/wp-json\/wp\/v2\/product\/3397992","targetHints":{"allow":["GET"]}}],"collection":[{"href":"https:\/\/stoic-curie.212-227-153-4.plesk.page\/de\/wp-json\/wp\/v2\/product"}],"about":[{"href":"https:\/\/stoic-curie.212-227-153-4.plesk.page\/de\/wp-json\/wp\/v2\/types\/product"}],"replies":[{"embeddable":true,"href":"https:\/\/stoic-curie.212-227-153-4.plesk.page\/de\/wp-json\/wp\/v2\/comments?post=3397992"}],"version-history":[{"count":0,"href":"https:\/\/stoic-curie.212-227-153-4.plesk.page\/de\/wp-json\/wp\/v2\/product\/3397992\/revisions"}],"wp:featuredmedia":[{"embeddable":true,"href":"https:\/\/stoic-curie.212-227-153-4.plesk.page\/de\/wp-json\/wp\/v2\/media\/5937633"}],"wp:attachment":[{"href":"https:\/\/stoic-curie.212-227-153-4.plesk.page\/de\/wp-json\/wp\/v2\/media?parent=3397992"}],"wp:term":[{"taxonomy":"product_brand","embeddable":true,"href":"https:\/\/stoic-curie.212-227-153-4.plesk.page\/de\/wp-json\/wp\/v2\/product_brand?post=3397992"},{"taxonomy":"product_cat","embeddable":true,"href":"https:\/\/stoic-curie.212-227-153-4.plesk.page\/de\/wp-json\/wp\/v2\/product_cat?post=3397992"},{"taxonomy":"product_tag","embeddable":true,"href":"https:\/\/stoic-curie.212-227-153-4.plesk.page\/de\/wp-json\/wp\/v2\/product_tag?post=3397992"}],"curies":[{"name":"wp","href":"https:\/\/api.w.org\/{rel}","templated":true}]}}