{"id":3398038,"date":"2025-10-09T22:36:27","date_gmt":"2025-10-10T02:36:27","guid":{"rendered":"https:\/\/stoic-curie.212-227-153-4.plesk.page\/product\/ovales-korkschwimmender-schluesselanhaenger\/"},"modified":"2026-02-24T23:34:45","modified_gmt":"2026-02-24T23:34:45","slug":"ovales-korkschwimmender-schluesselanhaenger","status":"publish","type":"product","link":"https:\/\/stoic-curie.212-227-153-4.plesk.page\/de\/product\/ovales-korkschwimmender-schluesselanhaenger\/","title":{"rendered":"Ovales Korkschwimmender Schl\u00fcsselanh\u00e4nger"},"content":{"rendered":"<p>Ovales Korkschwimmender Schl\u00fcsselanh\u00e4nger &#8211; Schwimmender Schl\u00fcsselanh\u00e4nger aus Kork. Oval mit blauem Schaumstoffeinsatz. 80 x 50 mm.<\/p>\n","protected":false},"excerpt":{"rendered":"<p>Ovales Korkschwimmender Schl\u00fcsselanh\u00e4nger &#8211; Schwimmender Schl\u00fcsselanh\u00e4nger aus Kork. Oval mit blauem Schaumstoffeinsatz. 80 x 50 mm.<\/p>\n","protected":false},"featured_media":5937646,"comment_status":"closed","ping_status":"closed","template":"","meta":[],"product_brand":[3490],"product_cat":[1566],"product_tag":[],"class_list":{"0":"post-3398038","1":"product","2":"type-product","3":"status-publish","4":"has-post-thumbnail","6":"product_brand-trem-de","7":"product_cat-nautische-schluesselanhaenger","9":"first","10":"instock","11":"shipping-taxable","12":"purchasable","13":"product-type-simple"},"_links":{"self":[{"href":"https:\/\/stoic-curie.212-227-153-4.plesk.page\/de\/wp-json\/wp\/v2\/product\/3398038","targetHints":{"allow":["GET"]}}],"collection":[{"href":"https:\/\/stoic-curie.212-227-153-4.plesk.page\/de\/wp-json\/wp\/v2\/product"}],"about":[{"href":"https:\/\/stoic-curie.212-227-153-4.plesk.page\/de\/wp-json\/wp\/v2\/types\/product"}],"replies":[{"embeddable":true,"href":"https:\/\/stoic-curie.212-227-153-4.plesk.page\/de\/wp-json\/wp\/v2\/comments?post=3398038"}],"version-history":[{"count":0,"href":"https:\/\/stoic-curie.212-227-153-4.plesk.page\/de\/wp-json\/wp\/v2\/product\/3398038\/revisions"}],"wp:featuredmedia":[{"embeddable":true,"href":"https:\/\/stoic-curie.212-227-153-4.plesk.page\/de\/wp-json\/wp\/v2\/media\/5937646"}],"wp:attachment":[{"href":"https:\/\/stoic-curie.212-227-153-4.plesk.page\/de\/wp-json\/wp\/v2\/media?parent=3398038"}],"wp:term":[{"taxonomy":"product_brand","embeddable":true,"href":"https:\/\/stoic-curie.212-227-153-4.plesk.page\/de\/wp-json\/wp\/v2\/product_brand?post=3398038"},{"taxonomy":"product_cat","embeddable":true,"href":"https:\/\/stoic-curie.212-227-153-4.plesk.page\/de\/wp-json\/wp\/v2\/product_cat?post=3398038"},{"taxonomy":"product_tag","embeddable":true,"href":"https:\/\/stoic-curie.212-227-153-4.plesk.page\/de\/wp-json\/wp\/v2\/product_tag?post=3398038"}],"curies":[{"name":"wp","href":"https:\/\/api.w.org\/{rel}","templated":true}]}}