{"id":3398129,"date":"2025-10-09T22:36:30","date_gmt":"2025-10-10T02:36:30","guid":{"rendered":"https:\/\/stoic-curie.212-227-153-4.plesk.page\/product\/universeller-oelfilter-fuer-aussenborder\/"},"modified":"2026-02-24T23:34:45","modified_gmt":"2026-02-24T23:34:45","slug":"universeller-oelfilter-fuer-aussenborder","status":"publish","type":"product","link":"https:\/\/stoic-curie.212-227-153-4.plesk.page\/de\/product\/universeller-oelfilter-fuer-aussenborder\/","title":{"rendered":"Universeller \u00d6lfilter f\u00fcr Au\u00dfenborder"},"content":{"rendered":"<p>Universeller \u00d6lfilter f\u00fcr Au\u00dfenborder &#8211; \u00d6lfilter f\u00fcr HONDA Au\u00dfenbordmotoren (Motoren 80-130 PS, Teile-Nr. 15400-RBA-F01), MERCURY (40-60 EFI Motoren 4T, Teile-Nr. 35-877768K01), YAMAHA (225-300 PS Motoren, Teile-Nr. N26-13440-00) und TOHATSU.<\/p>\n","protected":false},"excerpt":{"rendered":"<p>Universeller \u00d6lfilter f\u00fcr Au\u00dfenborder &#8211; \u00d6lfilter f\u00fcr HONDA Au\u00dfenbordmotoren (Motoren 80-130 PS, Teile-Nr. 15400-RBA-F01), MERCURY (40-60 EFI Motoren 4T, Teile-Nr.<\/p>\n","protected":false},"featured_media":5937654,"comment_status":"closed","ping_status":"closed","template":"","meta":[],"product_brand":[3390],"product_cat":[1538,1528,1530,1544],"product_tag":[],"class_list":{"0":"post-3398129","1":"product","2":"type-product","3":"status-publish","4":"has-post-thumbnail","6":"product_brand-sierra-marine-de","7":"product_cat-marine-ersatzteile-fuer-honda","8":"product_cat-marine-ersatzteile-fuer-mercury-und-mariner","9":"product_cat-marine-ersatzteile-fuer-tohatsu","10":"product_cat-marine-ersatzteile-fuer-yamaha","12":"first","13":"instock","14":"shipping-taxable","15":"purchasable","16":"product-type-simple"},"_links":{"self":[{"href":"https:\/\/stoic-curie.212-227-153-4.plesk.page\/de\/wp-json\/wp\/v2\/product\/3398129","targetHints":{"allow":["GET"]}}],"collection":[{"href":"https:\/\/stoic-curie.212-227-153-4.plesk.page\/de\/wp-json\/wp\/v2\/product"}],"about":[{"href":"https:\/\/stoic-curie.212-227-153-4.plesk.page\/de\/wp-json\/wp\/v2\/types\/product"}],"replies":[{"embeddable":true,"href":"https:\/\/stoic-curie.212-227-153-4.plesk.page\/de\/wp-json\/wp\/v2\/comments?post=3398129"}],"version-history":[{"count":0,"href":"https:\/\/stoic-curie.212-227-153-4.plesk.page\/de\/wp-json\/wp\/v2\/product\/3398129\/revisions"}],"wp:featuredmedia":[{"embeddable":true,"href":"https:\/\/stoic-curie.212-227-153-4.plesk.page\/de\/wp-json\/wp\/v2\/media\/5937654"}],"wp:attachment":[{"href":"https:\/\/stoic-curie.212-227-153-4.plesk.page\/de\/wp-json\/wp\/v2\/media?parent=3398129"}],"wp:term":[{"taxonomy":"product_brand","embeddable":true,"href":"https:\/\/stoic-curie.212-227-153-4.plesk.page\/de\/wp-json\/wp\/v2\/product_brand?post=3398129"},{"taxonomy":"product_cat","embeddable":true,"href":"https:\/\/stoic-curie.212-227-153-4.plesk.page\/de\/wp-json\/wp\/v2\/product_cat?post=3398129"},{"taxonomy":"product_tag","embeddable":true,"href":"https:\/\/stoic-curie.212-227-153-4.plesk.page\/de\/wp-json\/wp\/v2\/product_tag?post=3398129"}],"curies":[{"name":"wp","href":"https:\/\/api.w.org\/{rel}","templated":true}]}}