{"id":3398177,"date":"2025-10-09T22:36:32","date_gmt":"2025-10-10T02:36:32","guid":{"rendered":"https:\/\/stoic-curie.212-227-153-4.plesk.page\/product\/aluminiumstange-fuer-suzuki-und-tohatsu-195-x-40-x-h15mm-5030907\/"},"modified":"2026-02-24T23:34:45","modified_gmt":"2026-02-24T23:34:45","slug":"aluminiumstange-fuer-suzuki-und-tohatsu-195-x-40-x-h15mm-5030907","status":"publish","type":"product","link":"https:\/\/stoic-curie.212-227-153-4.plesk.page\/de\/product\/aluminiumstange-fuer-suzuki-und-tohatsu-195-x-40-x-h15mm-5030907\/","title":{"rendered":"Aluminiumstange f\u00fcr Suzuki und Tohatsu 195 x 40 x H15mm 5030907"},"content":{"rendered":"<p>Aluminiumstange f\u00fcr Suzuki und Tohatsu 195 x 40 x H15mm 5030907 &#8211; <\/p>\n<p>Martyr Aluminium M2 Legierungsanoden f\u00fcr Suzuki Au\u00dfenbordmotoren. <br \/>\u2022 Sch\u00fctzt 50% l\u00e4nger als herk\u00f6mmliche Zinkanoden <br \/>\u2022 Wiegt 50% weniger als herk\u00f6mmliche Zinkanoden<\/p>\n","protected":false},"excerpt":{"rendered":"<p>Aluminiumstange f\u00fcr Suzuki und Tohatsu 195 x 40 x H15mm 5030907 &#8211; Martyr Aluminium M2 Legierungsanoden f\u00fcr Suzuki Au\u00dfenbordmotoren. \u2022<\/p>\n","protected":false},"featured_media":5937662,"comment_status":"closed","ping_status":"closed","template":"","meta":[],"product_brand":[3125],"product_cat":[1545,1530],"product_tag":[],"class_list":{"0":"post-3398177","1":"product","2":"type-product","3":"status-publish","4":"has-post-thumbnail","6":"product_brand-martyr-de","7":"product_cat-marine-ersatzteile-fuer-suzuki","8":"product_cat-marine-ersatzteile-fuer-tohatsu","10":"first","11":"instock","12":"shipping-taxable","13":"purchasable","14":"product-type-simple"},"_links":{"self":[{"href":"https:\/\/stoic-curie.212-227-153-4.plesk.page\/de\/wp-json\/wp\/v2\/product\/3398177","targetHints":{"allow":["GET"]}}],"collection":[{"href":"https:\/\/stoic-curie.212-227-153-4.plesk.page\/de\/wp-json\/wp\/v2\/product"}],"about":[{"href":"https:\/\/stoic-curie.212-227-153-4.plesk.page\/de\/wp-json\/wp\/v2\/types\/product"}],"replies":[{"embeddable":true,"href":"https:\/\/stoic-curie.212-227-153-4.plesk.page\/de\/wp-json\/wp\/v2\/comments?post=3398177"}],"version-history":[{"count":0,"href":"https:\/\/stoic-curie.212-227-153-4.plesk.page\/de\/wp-json\/wp\/v2\/product\/3398177\/revisions"}],"wp:featuredmedia":[{"embeddable":true,"href":"https:\/\/stoic-curie.212-227-153-4.plesk.page\/de\/wp-json\/wp\/v2\/media\/5937662"}],"wp:attachment":[{"href":"https:\/\/stoic-curie.212-227-153-4.plesk.page\/de\/wp-json\/wp\/v2\/media?parent=3398177"}],"wp:term":[{"taxonomy":"product_brand","embeddable":true,"href":"https:\/\/stoic-curie.212-227-153-4.plesk.page\/de\/wp-json\/wp\/v2\/product_brand?post=3398177"},{"taxonomy":"product_cat","embeddable":true,"href":"https:\/\/stoic-curie.212-227-153-4.plesk.page\/de\/wp-json\/wp\/v2\/product_cat?post=3398177"},{"taxonomy":"product_tag","embeddable":true,"href":"https:\/\/stoic-curie.212-227-153-4.plesk.page\/de\/wp-json\/wp\/v2\/product_tag?post=3398177"}],"curies":[{"name":"wp","href":"https:\/\/api.w.org\/{rel}","templated":true}]}}