{"id":3398201,"date":"2025-10-09T22:36:33","date_gmt":"2025-10-10T02:36:33","guid":{"rendered":"https:\/\/stoic-curie.212-227-153-4.plesk.page\/product\/aluminium-anode-martyr-mercruiser-806105-q1\/"},"modified":"2026-02-24T23:34:45","modified_gmt":"2026-02-24T23:34:45","slug":"aluminium-anode-martyr-mercruiser-806105-q1","status":"publish","type":"product","link":"https:\/\/stoic-curie.212-227-153-4.plesk.page\/de\/product\/aluminium-anode-martyr-mercruiser-806105-q1\/","title":{"rendered":"Aluminium Anode Martyr &#8211; Mercruiser 806105 Q1"},"content":{"rendered":"<p>Aluminium Anode Martyr &#8211; Mercruiser 806105 Q1 &#8211; <\/p>\n<p>Martyr Aluminium M2 Legierungsanoden f\u00fcr Mercruiser-Backward-Drive-Motoren. <br \/>\u2022 Sch\u00fctzt 50 % l\u00e4nger als herk\u00f6mmliche Zinkanoden <br \/>\u2022 Wiegt 50 % weniger als herk\u00f6mmliche Zinkanoden<\/p>\n","protected":false},"excerpt":{"rendered":"<p>Aluminium Anode Martyr &#8211; Mercruiser 806105 Q1 &#8211; Martyr Aluminium M2 Legierungsanoden f\u00fcr Mercruiser-Backward-Drive-Motoren. \u2022 Sch\u00fctzt 50 % l\u00e4nger als<\/p>\n","protected":false},"featured_media":5937664,"comment_status":"closed","ping_status":"closed","template":"","meta":[],"product_brand":[3125],"product_cat":[1543],"product_tag":[],"class_list":{"0":"post-3398201","1":"product","2":"type-product","3":"status-publish","4":"has-post-thumbnail","6":"product_brand-martyr-de","7":"product_cat-marine-ersatzteile-fuer-mercruiser","9":"first","10":"instock","11":"shipping-taxable","12":"purchasable","13":"product-type-simple"},"_links":{"self":[{"href":"https:\/\/stoic-curie.212-227-153-4.plesk.page\/de\/wp-json\/wp\/v2\/product\/3398201","targetHints":{"allow":["GET"]}}],"collection":[{"href":"https:\/\/stoic-curie.212-227-153-4.plesk.page\/de\/wp-json\/wp\/v2\/product"}],"about":[{"href":"https:\/\/stoic-curie.212-227-153-4.plesk.page\/de\/wp-json\/wp\/v2\/types\/product"}],"replies":[{"embeddable":true,"href":"https:\/\/stoic-curie.212-227-153-4.plesk.page\/de\/wp-json\/wp\/v2\/comments?post=3398201"}],"version-history":[{"count":0,"href":"https:\/\/stoic-curie.212-227-153-4.plesk.page\/de\/wp-json\/wp\/v2\/product\/3398201\/revisions"}],"wp:featuredmedia":[{"embeddable":true,"href":"https:\/\/stoic-curie.212-227-153-4.plesk.page\/de\/wp-json\/wp\/v2\/media\/5937664"}],"wp:attachment":[{"href":"https:\/\/stoic-curie.212-227-153-4.plesk.page\/de\/wp-json\/wp\/v2\/media?parent=3398201"}],"wp:term":[{"taxonomy":"product_brand","embeddable":true,"href":"https:\/\/stoic-curie.212-227-153-4.plesk.page\/de\/wp-json\/wp\/v2\/product_brand?post=3398201"},{"taxonomy":"product_cat","embeddable":true,"href":"https:\/\/stoic-curie.212-227-153-4.plesk.page\/de\/wp-json\/wp\/v2\/product_cat?post=3398201"},{"taxonomy":"product_tag","embeddable":true,"href":"https:\/\/stoic-curie.212-227-153-4.plesk.page\/de\/wp-json\/wp\/v2\/product_tag?post=3398201"}],"curies":[{"name":"wp","href":"https:\/\/api.w.org\/{rel}","templated":true}]}}