{"id":3398251,"date":"2025-10-09T22:36:35","date_gmt":"2025-10-10T02:36:35","guid":{"rendered":"https:\/\/stoic-curie.212-227-153-4.plesk.page\/product\/anode-aluminum-yamaha-100a-115b-c-130b-f115a\/"},"modified":"2026-02-24T23:34:45","modified_gmt":"2026-02-24T23:34:45","slug":"anode-aluminum-yamaha-100a-115b-c-130b-f115a","status":"publish","type":"product","link":"https:\/\/stoic-curie.212-227-153-4.plesk.page\/de\/product\/anode-aluminum-yamaha-100a-115b-c-130b-f115a\/","title":{"rendered":"Anode Aluminum Yamaha 100A-115B\/C-130B-F115A"},"content":{"rendered":"<p>Anode Aluminum Yamaha 100A-115B\/C-130B-F115A &#8211; <\/p>\n<p>Echte Martyr Aluminium M2 Legierungsanoden f\u00fcr Yamaha Au\u00dfenbordmotoren. \u00e2\u0080\u00a2 Sch\u00fctzt 50% l\u00e4nger als herk\u00f6mmliche Zinkanoden<\/p>\n","protected":false},"excerpt":{"rendered":"<p>Anode Aluminum Yamaha 100A-115B\/C-130B-F115A &#8211; Echte Martyr Aluminium M2 Legierungsanoden f\u00fcr Yamaha Au\u00dfenbordmotoren. \u00e2\u0080\u00a2 Sch\u00fctzt 50% l\u00e4nger als herk\u00f6mmliche Zinkanoden<\/p>\n","protected":false},"featured_media":5937668,"comment_status":"closed","ping_status":"closed","template":"","meta":[],"product_brand":[3125],"product_cat":[1544],"product_tag":[],"class_list":{"0":"post-3398251","1":"product","2":"type-product","3":"status-publish","4":"has-post-thumbnail","6":"product_brand-martyr-de","7":"product_cat-marine-ersatzteile-fuer-yamaha","9":"first","10":"instock","11":"shipping-taxable","12":"purchasable","13":"product-type-simple"},"_links":{"self":[{"href":"https:\/\/stoic-curie.212-227-153-4.plesk.page\/de\/wp-json\/wp\/v2\/product\/3398251","targetHints":{"allow":["GET"]}}],"collection":[{"href":"https:\/\/stoic-curie.212-227-153-4.plesk.page\/de\/wp-json\/wp\/v2\/product"}],"about":[{"href":"https:\/\/stoic-curie.212-227-153-4.plesk.page\/de\/wp-json\/wp\/v2\/types\/product"}],"replies":[{"embeddable":true,"href":"https:\/\/stoic-curie.212-227-153-4.plesk.page\/de\/wp-json\/wp\/v2\/comments?post=3398251"}],"version-history":[{"count":0,"href":"https:\/\/stoic-curie.212-227-153-4.plesk.page\/de\/wp-json\/wp\/v2\/product\/3398251\/revisions"}],"wp:featuredmedia":[{"embeddable":true,"href":"https:\/\/stoic-curie.212-227-153-4.plesk.page\/de\/wp-json\/wp\/v2\/media\/5937668"}],"wp:attachment":[{"href":"https:\/\/stoic-curie.212-227-153-4.plesk.page\/de\/wp-json\/wp\/v2\/media?parent=3398251"}],"wp:term":[{"taxonomy":"product_brand","embeddable":true,"href":"https:\/\/stoic-curie.212-227-153-4.plesk.page\/de\/wp-json\/wp\/v2\/product_brand?post=3398251"},{"taxonomy":"product_cat","embeddable":true,"href":"https:\/\/stoic-curie.212-227-153-4.plesk.page\/de\/wp-json\/wp\/v2\/product_cat?post=3398251"},{"taxonomy":"product_tag","embeddable":true,"href":"https:\/\/stoic-curie.212-227-153-4.plesk.page\/de\/wp-json\/wp\/v2\/product_tag?post=3398251"}],"curies":[{"name":"wp","href":"https:\/\/api.w.org\/{rel}","templated":true}]}}