{"id":3398268,"date":"2025-10-09T22:36:35","date_gmt":"2025-10-10T02:36:35","guid":{"rendered":"https:\/\/stoic-curie.212-227-153-4.plesk.page\/product\/aluminiumanode-fuer-yamaha-l150c-f-fl150a-l175b-d-l200b-f-g-l225b-d\/"},"modified":"2026-02-24T23:34:45","modified_gmt":"2026-02-24T23:34:45","slug":"aluminiumanode-fuer-yamaha-l150c-f-fl150a-l175b-d-l200b-f-g-l225b-d","status":"publish","type":"product","link":"https:\/\/stoic-curie.212-227-153-4.plesk.page\/de\/product\/aluminiumanode-fuer-yamaha-l150c-f-fl150a-l175b-d-l200b-f-g-l225b-d\/","title":{"rendered":"Aluminiumanode f\u00fcr Yamaha L150C\/F-FL150A-L175B\/D-L200B\/F\/G-L225B\/D"},"content":{"rendered":"<p>Aluminiumanode f\u00fcr Yamaha L150C\/F-FL150A-L175B\/D-L200B\/F\/G-L225B\/D &#8211; <\/p>\n<p>Echte Martyr Aluminium M2 Legierungsanoden f\u00fcr Yamaha Au\u00dfenbordmotoren. \u00e2\u0080\u00a2 Sch\u00fctzt 50% l\u00e4nger als traditionelle Zinkanoden<\/p>\n","protected":false},"excerpt":{"rendered":"<p>Aluminiumanode f\u00fcr Yamaha L150C\/F-FL150A-L175B\/D-L200B\/F\/G-L225B\/D &#8211; Echte Martyr Aluminium M2 Legierungsanoden f\u00fcr Yamaha Au\u00dfenbordmotoren. \u00e2\u0080\u00a2 Sch\u00fctzt 50% l\u00e4nger als traditionelle Zinkanoden<\/p>\n","protected":false},"featured_media":5937669,"comment_status":"closed","ping_status":"closed","template":"","meta":[],"product_brand":[3125],"product_cat":[1544],"product_tag":[],"class_list":{"0":"post-3398268","1":"product","2":"type-product","3":"status-publish","4":"has-post-thumbnail","6":"product_brand-martyr-de","7":"product_cat-marine-ersatzteile-fuer-yamaha","9":"first","10":"instock","11":"shipping-taxable","12":"purchasable","13":"product-type-simple"},"_links":{"self":[{"href":"https:\/\/stoic-curie.212-227-153-4.plesk.page\/de\/wp-json\/wp\/v2\/product\/3398268","targetHints":{"allow":["GET"]}}],"collection":[{"href":"https:\/\/stoic-curie.212-227-153-4.plesk.page\/de\/wp-json\/wp\/v2\/product"}],"about":[{"href":"https:\/\/stoic-curie.212-227-153-4.plesk.page\/de\/wp-json\/wp\/v2\/types\/product"}],"replies":[{"embeddable":true,"href":"https:\/\/stoic-curie.212-227-153-4.plesk.page\/de\/wp-json\/wp\/v2\/comments?post=3398268"}],"version-history":[{"count":0,"href":"https:\/\/stoic-curie.212-227-153-4.plesk.page\/de\/wp-json\/wp\/v2\/product\/3398268\/revisions"}],"wp:featuredmedia":[{"embeddable":true,"href":"https:\/\/stoic-curie.212-227-153-4.plesk.page\/de\/wp-json\/wp\/v2\/media\/5937669"}],"wp:attachment":[{"href":"https:\/\/stoic-curie.212-227-153-4.plesk.page\/de\/wp-json\/wp\/v2\/media?parent=3398268"}],"wp:term":[{"taxonomy":"product_brand","embeddable":true,"href":"https:\/\/stoic-curie.212-227-153-4.plesk.page\/de\/wp-json\/wp\/v2\/product_brand?post=3398268"},{"taxonomy":"product_cat","embeddable":true,"href":"https:\/\/stoic-curie.212-227-153-4.plesk.page\/de\/wp-json\/wp\/v2\/product_cat?post=3398268"},{"taxonomy":"product_tag","embeddable":true,"href":"https:\/\/stoic-curie.212-227-153-4.plesk.page\/de\/wp-json\/wp\/v2\/product_tag?post=3398268"}],"curies":[{"name":"wp","href":"https:\/\/api.w.org\/{rel}","templated":true}]}}