{"id":3398284,"date":"2025-10-09T22:36:36","date_gmt":"2025-10-10T02:36:36","guid":{"rendered":"https:\/\/stoic-curie.212-227-153-4.plesk.page\/product\/skeg-aluminium-anode-fuer-honda-motoren-20-25-40-50-ps-06412-zw5-000\/"},"modified":"2026-02-24T23:34:45","modified_gmt":"2026-02-24T23:34:45","slug":"skeg-aluminium-anode-fuer-honda-motoren-20-25-40-50-ps-06412-zw5-000","status":"publish","type":"product","link":"https:\/\/stoic-curie.212-227-153-4.plesk.page\/de\/product\/skeg-aluminium-anode-fuer-honda-motoren-20-25-40-50-ps-06412-zw5-000\/","title":{"rendered":"Skeg Aluminium-Anode f\u00fcr Honda Motoren 20\/25\/40\/50 PS 06412-ZW5-000"},"content":{"rendered":"<p>Skeg Aluminium-Anode f\u00fcr Honda Motoren 20\/25\/40\/50 PS 06412-ZW5-000 &#8211; <\/p>\n<p>Martyr Aluminium M2 Legierungsanoden f\u00fcr Honda Au\u00dfenbordmotoren. <br \/>\u2022 Sch\u00fctzen Sie 50 % l\u00e4nger als herk\u00f6mmliche Zinkanoden <br \/>\u2022 Wiegen Sie 50 % weniger als herk\u00f6mmliche Zinkanoden <\/p>\n","protected":false},"excerpt":{"rendered":"<p>Skeg Aluminium-Anode f\u00fcr Honda Motoren 20\/25\/40\/50 PS 06412-ZW5-000 &#8211; Martyr Aluminium M2 Legierungsanoden f\u00fcr Honda Au\u00dfenbordmotoren. \u2022 Sch\u00fctzen Sie 50<\/p>\n","protected":false},"featured_media":5937672,"comment_status":"closed","ping_status":"closed","template":"","meta":[],"product_brand":[3125],"product_cat":[1538],"product_tag":[],"class_list":{"0":"post-3398284","1":"product","2":"type-product","3":"status-publish","4":"has-post-thumbnail","6":"product_brand-martyr-de","7":"product_cat-marine-ersatzteile-fuer-honda","9":"first","10":"instock","11":"shipping-taxable","12":"purchasable","13":"product-type-simple"},"_links":{"self":[{"href":"https:\/\/stoic-curie.212-227-153-4.plesk.page\/de\/wp-json\/wp\/v2\/product\/3398284","targetHints":{"allow":["GET"]}}],"collection":[{"href":"https:\/\/stoic-curie.212-227-153-4.plesk.page\/de\/wp-json\/wp\/v2\/product"}],"about":[{"href":"https:\/\/stoic-curie.212-227-153-4.plesk.page\/de\/wp-json\/wp\/v2\/types\/product"}],"replies":[{"embeddable":true,"href":"https:\/\/stoic-curie.212-227-153-4.plesk.page\/de\/wp-json\/wp\/v2\/comments?post=3398284"}],"version-history":[{"count":0,"href":"https:\/\/stoic-curie.212-227-153-4.plesk.page\/de\/wp-json\/wp\/v2\/product\/3398284\/revisions"}],"wp:featuredmedia":[{"embeddable":true,"href":"https:\/\/stoic-curie.212-227-153-4.plesk.page\/de\/wp-json\/wp\/v2\/media\/5937672"}],"wp:attachment":[{"href":"https:\/\/stoic-curie.212-227-153-4.plesk.page\/de\/wp-json\/wp\/v2\/media?parent=3398284"}],"wp:term":[{"taxonomy":"product_brand","embeddable":true,"href":"https:\/\/stoic-curie.212-227-153-4.plesk.page\/de\/wp-json\/wp\/v2\/product_brand?post=3398284"},{"taxonomy":"product_cat","embeddable":true,"href":"https:\/\/stoic-curie.212-227-153-4.plesk.page\/de\/wp-json\/wp\/v2\/product_cat?post=3398284"},{"taxonomy":"product_tag","embeddable":true,"href":"https:\/\/stoic-curie.212-227-153-4.plesk.page\/de\/wp-json\/wp\/v2\/product_tag?post=3398284"}],"curies":[{"name":"wp","href":"https:\/\/api.w.org\/{rel}","templated":true}]}}