{"id":3398360,"date":"2025-10-09T22:36:39","date_gmt":"2025-10-10T02:36:39","guid":{"rendered":"https:\/\/stoic-curie.212-227-153-4.plesk.page\/product\/masking-tape-blau-3m-scotch-2090-25mm-x-50-mt\/"},"modified":"2026-02-24T23:34:45","modified_gmt":"2026-02-24T23:34:45","slug":"masking-tape-blau-3m-scotch-2090-25mm-x-50-mt","status":"publish","type":"product","link":"https:\/\/stoic-curie.212-227-153-4.plesk.page\/de\/product\/masking-tape-blau-3m-scotch-2090-25mm-x-50-mt\/","title":{"rendered":"Masking tape Blau 3M Scotch 2090 25mm x 50 MT"},"content":{"rendered":"<p>Masking tape Blau 3M Scotch 2090 25mm x 50 MT &#8211; <\/p>\n<p>Das 3M Scotch 2090 Langzeit-Maschinenband bietet einen hervorragenden Schutz gegen UV-Strahlen und Feuchtigkeit. Ideal f\u00fcr langfristige Anwendungen, l\u00e4sst es sich bis zu einem Monat nach der Anwendung ohne R\u00fcckst\u00e4nde abziehen, oder bis zu einer Woche, wenn es Sonnenlicht ausgesetzt ist. Der synthetische Acrylkleber hat eine Temperaturbest\u00e4ndigkeit von bis zu 60 \u00c2\u00b0C. Die Dicke betr\u00e4gt 0,120 mm.<\/p>\n","protected":false},"excerpt":{"rendered":"<p>Masking tape Blau 3M Scotch 2090 25mm x 50 MT &#8211; Das 3M Scotch 2090 Langzeit-Maschinenband bietet einen hervorragenden Schutz<\/p>\n","protected":false},"featured_media":5937687,"comment_status":"closed","ping_status":"closed","template":"","meta":[],"product_brand":[2770],"product_cat":[1345,1340],"product_tag":[],"class_list":{"0":"post-3398360","1":"product","2":"type-product","3":"status-publish","4":"has-post-thumbnail","6":"product_brand-3m-marine-de","7":"product_cat-malerwerkzeug","8":"product_cat-reparaturbaender","10":"first","11":"instock","12":"shipping-taxable","13":"purchasable","14":"product-type-simple"},"_links":{"self":[{"href":"https:\/\/stoic-curie.212-227-153-4.plesk.page\/de\/wp-json\/wp\/v2\/product\/3398360","targetHints":{"allow":["GET"]}}],"collection":[{"href":"https:\/\/stoic-curie.212-227-153-4.plesk.page\/de\/wp-json\/wp\/v2\/product"}],"about":[{"href":"https:\/\/stoic-curie.212-227-153-4.plesk.page\/de\/wp-json\/wp\/v2\/types\/product"}],"replies":[{"embeddable":true,"href":"https:\/\/stoic-curie.212-227-153-4.plesk.page\/de\/wp-json\/wp\/v2\/comments?post=3398360"}],"version-history":[{"count":0,"href":"https:\/\/stoic-curie.212-227-153-4.plesk.page\/de\/wp-json\/wp\/v2\/product\/3398360\/revisions"}],"wp:featuredmedia":[{"embeddable":true,"href":"https:\/\/stoic-curie.212-227-153-4.plesk.page\/de\/wp-json\/wp\/v2\/media\/5937687"}],"wp:attachment":[{"href":"https:\/\/stoic-curie.212-227-153-4.plesk.page\/de\/wp-json\/wp\/v2\/media?parent=3398360"}],"wp:term":[{"taxonomy":"product_brand","embeddable":true,"href":"https:\/\/stoic-curie.212-227-153-4.plesk.page\/de\/wp-json\/wp\/v2\/product_brand?post=3398360"},{"taxonomy":"product_cat","embeddable":true,"href":"https:\/\/stoic-curie.212-227-153-4.plesk.page\/de\/wp-json\/wp\/v2\/product_cat?post=3398360"},{"taxonomy":"product_tag","embeddable":true,"href":"https:\/\/stoic-curie.212-227-153-4.plesk.page\/de\/wp-json\/wp\/v2\/product_tag?post=3398360"}],"curies":[{"name":"wp","href":"https:\/\/api.w.org\/{rel}","templated":true}]}}