{"id":3398839,"date":"2025-10-09T22:36:56","date_gmt":"2025-10-10T02:36:56","guid":{"rendered":"https:\/\/stoic-curie.212-227-153-4.plesk.page\/product\/hs-gestempelter-d-schaekel-5x20mm-edelstahl\/"},"modified":"2026-02-24T23:34:45","modified_gmt":"2026-02-24T23:34:45","slug":"hs-gestempelter-d-schaekel-5x20mm-edelstahl","status":"publish","type":"product","link":"https:\/\/stoic-curie.212-227-153-4.plesk.page\/de\/product\/hs-gestempelter-d-schaekel-5x20mm-edelstahl\/","title":{"rendered":"Hs Gestempelter D-Sch\u00e4kel, 5x20mm, Edelstahl"},"content":{"rendered":"<p>Hs Gestempelter D-Sch\u00e4kel, 5x20mm, Edelstahl &#8211; <\/p>\n<p>316 Edelstahl gestanzter schmaler HS Dee-Verschluss. Belastungstest (WL) durchgef\u00fchrt. Die Bruchlast (BL) betr\u00e4gt das Vierfache der Arbeitslast.<\/p>\n","protected":false},"excerpt":{"rendered":"<p>Hs Gestempelter D-Sch\u00e4kel, 5x20mm, Edelstahl &#8211; 316 Edelstahl gestanzter schmaler HS Dee-Verschluss. Belastungstest (WL) durchgef\u00fchrt. Die Bruchlast (BL) betr\u00e4gt das<\/p>\n","protected":false},"featured_media":5937750,"comment_status":"closed","ping_status":"closed","template":"","meta":[],"product_brand":[3430],"product_cat":[1406,1477],"product_tag":[],"class_list":{"0":"post-3398839","1":"product","2":"type-product","3":"status-publish","4":"has-post-thumbnail","6":"product_brand-sprenger-hs-de","7":"product_cat-schaekel","8":"product_cat-schnappschaekel","10":"first","11":"instock","12":"shipping-taxable","13":"purchasable","14":"product-type-simple"},"_links":{"self":[{"href":"https:\/\/stoic-curie.212-227-153-4.plesk.page\/de\/wp-json\/wp\/v2\/product\/3398839","targetHints":{"allow":["GET"]}}],"collection":[{"href":"https:\/\/stoic-curie.212-227-153-4.plesk.page\/de\/wp-json\/wp\/v2\/product"}],"about":[{"href":"https:\/\/stoic-curie.212-227-153-4.plesk.page\/de\/wp-json\/wp\/v2\/types\/product"}],"replies":[{"embeddable":true,"href":"https:\/\/stoic-curie.212-227-153-4.plesk.page\/de\/wp-json\/wp\/v2\/comments?post=3398839"}],"version-history":[{"count":0,"href":"https:\/\/stoic-curie.212-227-153-4.plesk.page\/de\/wp-json\/wp\/v2\/product\/3398839\/revisions"}],"wp:featuredmedia":[{"embeddable":true,"href":"https:\/\/stoic-curie.212-227-153-4.plesk.page\/de\/wp-json\/wp\/v2\/media\/5937750"}],"wp:attachment":[{"href":"https:\/\/stoic-curie.212-227-153-4.plesk.page\/de\/wp-json\/wp\/v2\/media?parent=3398839"}],"wp:term":[{"taxonomy":"product_brand","embeddable":true,"href":"https:\/\/stoic-curie.212-227-153-4.plesk.page\/de\/wp-json\/wp\/v2\/product_brand?post=3398839"},{"taxonomy":"product_cat","embeddable":true,"href":"https:\/\/stoic-curie.212-227-153-4.plesk.page\/de\/wp-json\/wp\/v2\/product_cat?post=3398839"},{"taxonomy":"product_tag","embeddable":true,"href":"https:\/\/stoic-curie.212-227-153-4.plesk.page\/de\/wp-json\/wp\/v2\/product_tag?post=3398839"}],"curies":[{"name":"wp","href":"https:\/\/api.w.org\/{rel}","templated":true}]}}