{"id":3398882,"date":"2025-10-09T22:36:58","date_gmt":"2025-10-10T02:36:58","guid":{"rendered":"https:\/\/stoic-curie.212-227-153-4.plesk.page\/product\/hs-gestempelter-d-schaekel-6x25mm-edelstahl\/"},"modified":"2026-02-24T23:34:45","modified_gmt":"2026-02-24T23:34:45","slug":"hs-gestempelter-d-schaekel-6x25mm-edelstahl","status":"publish","type":"product","link":"https:\/\/stoic-curie.212-227-153-4.plesk.page\/de\/product\/hs-gestempelter-d-schaekel-6x25mm-edelstahl\/","title":{"rendered":"Hs Gestempelter D-Sch\u00e4kel, 6x25mm, Edelstahl"},"content":{"rendered":"<p>Hs Gestempelter D-Sch\u00e4kel, 6x25mm, Edelstahl &#8211; <\/p>\n<p>Gepr\u00e4gter HS-Dee-Verschluss aus 316 Edelstahl. Getestete Arbeitslast (WL). Die Bruchlast (BL) betr\u00e4gt das Vierfache der Arbeitslast.<\/p>\n","protected":false},"excerpt":{"rendered":"<p>Hs Gestempelter D-Sch\u00e4kel, 6x25mm, Edelstahl &#8211; Gepr\u00e4gter HS-Dee-Verschluss aus 316 Edelstahl. Getestete Arbeitslast (WL). Die Bruchlast (BL) betr\u00e4gt das Vierfache<\/p>\n","protected":false},"featured_media":5937755,"comment_status":"closed","ping_status":"closed","template":"","meta":[],"product_brand":[3430],"product_cat":[1406,1477],"product_tag":[],"class_list":{"0":"post-3398882","1":"product","2":"type-product","3":"status-publish","4":"has-post-thumbnail","6":"product_brand-sprenger-hs-de","7":"product_cat-schaekel","8":"product_cat-schnappschaekel","10":"first","11":"instock","12":"shipping-taxable","13":"purchasable","14":"product-type-simple"},"_links":{"self":[{"href":"https:\/\/stoic-curie.212-227-153-4.plesk.page\/de\/wp-json\/wp\/v2\/product\/3398882","targetHints":{"allow":["GET"]}}],"collection":[{"href":"https:\/\/stoic-curie.212-227-153-4.plesk.page\/de\/wp-json\/wp\/v2\/product"}],"about":[{"href":"https:\/\/stoic-curie.212-227-153-4.plesk.page\/de\/wp-json\/wp\/v2\/types\/product"}],"replies":[{"embeddable":true,"href":"https:\/\/stoic-curie.212-227-153-4.plesk.page\/de\/wp-json\/wp\/v2\/comments?post=3398882"}],"version-history":[{"count":0,"href":"https:\/\/stoic-curie.212-227-153-4.plesk.page\/de\/wp-json\/wp\/v2\/product\/3398882\/revisions"}],"wp:featuredmedia":[{"embeddable":true,"href":"https:\/\/stoic-curie.212-227-153-4.plesk.page\/de\/wp-json\/wp\/v2\/media\/5937755"}],"wp:attachment":[{"href":"https:\/\/stoic-curie.212-227-153-4.plesk.page\/de\/wp-json\/wp\/v2\/media?parent=3398882"}],"wp:term":[{"taxonomy":"product_brand","embeddable":true,"href":"https:\/\/stoic-curie.212-227-153-4.plesk.page\/de\/wp-json\/wp\/v2\/product_brand?post=3398882"},{"taxonomy":"product_cat","embeddable":true,"href":"https:\/\/stoic-curie.212-227-153-4.plesk.page\/de\/wp-json\/wp\/v2\/product_cat?post=3398882"},{"taxonomy":"product_tag","embeddable":true,"href":"https:\/\/stoic-curie.212-227-153-4.plesk.page\/de\/wp-json\/wp\/v2\/product_tag?post=3398882"}],"curies":[{"name":"wp","href":"https:\/\/api.w.org\/{rel}","templated":true}]}}