{"id":3399003,"date":"2025-10-09T22:37:02","date_gmt":"2025-10-10T02:37:02","guid":{"rendered":"https:\/\/stoic-curie.212-227-153-4.plesk.page\/product\/edelstahl-schaekel-mit-innensechskant-10mm-fuer-kette-und-anker\/"},"modified":"2026-02-24T23:34:45","modified_gmt":"2026-02-24T23:34:45","slug":"edelstahl-schaekel-mit-innensechskant-10mm-fuer-kette-und-anker","status":"publish","type":"product","link":"https:\/\/stoic-curie.212-227-153-4.plesk.page\/de\/product\/edelstahl-schaekel-mit-innensechskant-10mm-fuer-kette-und-anker\/","title":{"rendered":"Edelstahl-Sch\u00e4kel mit Innensechskant 10mm f\u00fcr Kette und Anker"},"content":{"rendered":"<p>Edelstahl-Sch\u00e4kel mit Innensechskant 10mm f\u00fcr Kette und Anker &#8211; <\/p>\n<p>Edelstahl-Sch\u00e4kel mit Innensechskant. Verwendet als Verbindung zwischen Kette und Anker. Der nicht gefangene Stift erm\u00f6glicht ein einfaches Gleiten durch die Wellenrolle.<\/p>\n","protected":false},"excerpt":{"rendered":"<p>Edelstahl-Sch\u00e4kel mit Innensechskant 10mm f\u00fcr Kette und Anker &#8211; Edelstahl-Sch\u00e4kel mit Innensechskant. Verwendet als Verbindung zwischen Kette und Anker. Der<\/p>\n","protected":false},"featured_media":5937777,"comment_status":"closed","ping_status":"closed","template":"","meta":[],"product_brand":[3120],"product_cat":[1406],"product_tag":[],"class_list":{"0":"post-3399003","1":"product","2":"type-product","3":"status-publish","4":"has-post-thumbnail","6":"product_brand-marinetech-de","7":"product_cat-schaekel","9":"first","10":"instock","11":"shipping-taxable","12":"purchasable","13":"product-type-simple"},"_links":{"self":[{"href":"https:\/\/stoic-curie.212-227-153-4.plesk.page\/de\/wp-json\/wp\/v2\/product\/3399003","targetHints":{"allow":["GET"]}}],"collection":[{"href":"https:\/\/stoic-curie.212-227-153-4.plesk.page\/de\/wp-json\/wp\/v2\/product"}],"about":[{"href":"https:\/\/stoic-curie.212-227-153-4.plesk.page\/de\/wp-json\/wp\/v2\/types\/product"}],"replies":[{"embeddable":true,"href":"https:\/\/stoic-curie.212-227-153-4.plesk.page\/de\/wp-json\/wp\/v2\/comments?post=3399003"}],"version-history":[{"count":0,"href":"https:\/\/stoic-curie.212-227-153-4.plesk.page\/de\/wp-json\/wp\/v2\/product\/3399003\/revisions"}],"wp:featuredmedia":[{"embeddable":true,"href":"https:\/\/stoic-curie.212-227-153-4.plesk.page\/de\/wp-json\/wp\/v2\/media\/5937777"}],"wp:attachment":[{"href":"https:\/\/stoic-curie.212-227-153-4.plesk.page\/de\/wp-json\/wp\/v2\/media?parent=3399003"}],"wp:term":[{"taxonomy":"product_brand","embeddable":true,"href":"https:\/\/stoic-curie.212-227-153-4.plesk.page\/de\/wp-json\/wp\/v2\/product_brand?post=3399003"},{"taxonomy":"product_cat","embeddable":true,"href":"https:\/\/stoic-curie.212-227-153-4.plesk.page\/de\/wp-json\/wp\/v2\/product_cat?post=3399003"},{"taxonomy":"product_tag","embeddable":true,"href":"https:\/\/stoic-curie.212-227-153-4.plesk.page\/de\/wp-json\/wp\/v2\/product_tag?post=3399003"}],"curies":[{"name":"wp","href":"https:\/\/api.w.org\/{rel}","templated":true}]}}