{"id":3399235,"date":"2025-10-09T22:37:11","date_gmt":"2025-10-10T02:37:11","guid":{"rendered":"https:\/\/stoic-curie.212-227-153-4.plesk.page\/product\/2-wege-ankerdrehgelenkkupplung-6-8-mm\/"},"modified":"2026-02-24T23:34:45","modified_gmt":"2026-02-24T23:34:45","slug":"2-wege-ankerdrehgelenkkupplung-6-8-mm","status":"publish","type":"product","link":"https:\/\/stoic-curie.212-227-153-4.plesk.page\/de\/product\/2-wege-ankerdrehgelenkkupplung-6-8-mm\/","title":{"rendered":"2-Wege-Ankerdrehgelenkkupplung 6-8 mm"},"content":{"rendered":"<p>2-Wege-Ankerdrehgelenkkupplung 6-8 mm &#8211; <\/p>\n<p>Doppel-Schwenkverbindung aus Edelstahl. Sie gleitet reibungslos \u00fcber die Ankerrollen und verhindert ein Verhaken der Kette. Sie erm\u00f6glicht eine ordnungsgem\u00e4\u00dfe Positionierung des Ankers in der Bugrolle.<\/p>\n","protected":false},"excerpt":{"rendered":"<p>2-Wege-Ankerdrehgelenkkupplung 6-8 mm &#8211; Doppel-Schwenkverbindung aus Edelstahl. Sie gleitet reibungslos \u00fcber die Ankerrollen und verhindert ein Verhaken der Kette. Sie<\/p>\n","protected":false},"featured_media":5937835,"comment_status":"closed","ping_status":"closed","template":"","meta":[],"product_brand":[3120],"product_cat":[1578],"product_tag":[],"class_list":{"0":"post-3399235","1":"product","2":"type-product","3":"status-publish","4":"has-post-thumbnail","6":"product_brand-marinetech-de","7":"product_cat-ankerdrehgelenke","9":"first","10":"instock","11":"shipping-taxable","12":"purchasable","13":"product-type-simple"},"_links":{"self":[{"href":"https:\/\/stoic-curie.212-227-153-4.plesk.page\/de\/wp-json\/wp\/v2\/product\/3399235","targetHints":{"allow":["GET"]}}],"collection":[{"href":"https:\/\/stoic-curie.212-227-153-4.plesk.page\/de\/wp-json\/wp\/v2\/product"}],"about":[{"href":"https:\/\/stoic-curie.212-227-153-4.plesk.page\/de\/wp-json\/wp\/v2\/types\/product"}],"replies":[{"embeddable":true,"href":"https:\/\/stoic-curie.212-227-153-4.plesk.page\/de\/wp-json\/wp\/v2\/comments?post=3399235"}],"version-history":[{"count":0,"href":"https:\/\/stoic-curie.212-227-153-4.plesk.page\/de\/wp-json\/wp\/v2\/product\/3399235\/revisions"}],"wp:featuredmedia":[{"embeddable":true,"href":"https:\/\/stoic-curie.212-227-153-4.plesk.page\/de\/wp-json\/wp\/v2\/media\/5937835"}],"wp:attachment":[{"href":"https:\/\/stoic-curie.212-227-153-4.plesk.page\/de\/wp-json\/wp\/v2\/media?parent=3399235"}],"wp:term":[{"taxonomy":"product_brand","embeddable":true,"href":"https:\/\/stoic-curie.212-227-153-4.plesk.page\/de\/wp-json\/wp\/v2\/product_brand?post=3399235"},{"taxonomy":"product_cat","embeddable":true,"href":"https:\/\/stoic-curie.212-227-153-4.plesk.page\/de\/wp-json\/wp\/v2\/product_cat?post=3399235"},{"taxonomy":"product_tag","embeddable":true,"href":"https:\/\/stoic-curie.212-227-153-4.plesk.page\/de\/wp-json\/wp\/v2\/product_tag?post=3399235"}],"curies":[{"name":"wp","href":"https:\/\/api.w.org\/{rel}","templated":true}]}}