{"id":3399244,"date":"2025-10-09T22:37:11","date_gmt":"2025-10-10T02:37:11","guid":{"rendered":"https:\/\/stoic-curie.212-227-153-4.plesk.page\/product\/sichere-verankerung-kettenschloss-an-kette-10-12mm\/"},"modified":"2026-02-24T23:34:45","modified_gmt":"2026-02-24T23:34:45","slug":"sichere-verankerung-kettenschloss-an-kette-10-12mm","status":"publish","type":"product","link":"https:\/\/stoic-curie.212-227-153-4.plesk.page\/de\/product\/sichere-verankerung-kettenschloss-an-kette-10-12mm\/","title":{"rendered":"Sichere Verankerung KETTENSCHLOSS an Kette 10-12mm"},"content":{"rendered":"<p>Sichere Verankerung KETTENSCHLOSS an Kette 10-12mm &#8211; <\/p>\n<p>Der Ankerkettenstopper aus Edelstahl sch\u00fctzt die Winde beim Ankern vor St\u00f6\u00dfen und Ersch\u00fctterungen und eliminiert die \u00dcbertragung st\u00f6render Vibrationen des rollenden, verankerten Bootes. Er verhindert, dass die Kette \u00fcber die Kurbelscheibe tritt.<\/p>\n","protected":false},"excerpt":{"rendered":"<p>Sichere Verankerung KETTENSCHLOSS an Kette 10-12mm &#8211; Der Ankerkettenstopper aus Edelstahl sch\u00fctzt die Winde beim Ankern vor St\u00f6\u00dfen und Ersch\u00fctterungen<\/p>\n","protected":false},"featured_media":5937846,"comment_status":"closed","ping_status":"closed","template":"","meta":[],"product_brand":[2900],"product_cat":[1333,1332],"product_tag":[],"class_list":{"0":"post-3399244","1":"product","2":"type-product","3":"status-publish","4":"has-post-thumbnail","6":"product_brand-douglas-marine-de","7":"product_cat-kalibrierte-edelstahlkette","8":"product_cat-kalibrierte-kette-verzinkt","10":"first","11":"instock","12":"shipping-taxable","13":"purchasable","14":"product-type-simple"},"_links":{"self":[{"href":"https:\/\/stoic-curie.212-227-153-4.plesk.page\/de\/wp-json\/wp\/v2\/product\/3399244","targetHints":{"allow":["GET"]}}],"collection":[{"href":"https:\/\/stoic-curie.212-227-153-4.plesk.page\/de\/wp-json\/wp\/v2\/product"}],"about":[{"href":"https:\/\/stoic-curie.212-227-153-4.plesk.page\/de\/wp-json\/wp\/v2\/types\/product"}],"replies":[{"embeddable":true,"href":"https:\/\/stoic-curie.212-227-153-4.plesk.page\/de\/wp-json\/wp\/v2\/comments?post=3399244"}],"version-history":[{"count":0,"href":"https:\/\/stoic-curie.212-227-153-4.plesk.page\/de\/wp-json\/wp\/v2\/product\/3399244\/revisions"}],"wp:featuredmedia":[{"embeddable":true,"href":"https:\/\/stoic-curie.212-227-153-4.plesk.page\/de\/wp-json\/wp\/v2\/media\/5937846"}],"wp:attachment":[{"href":"https:\/\/stoic-curie.212-227-153-4.plesk.page\/de\/wp-json\/wp\/v2\/media?parent=3399244"}],"wp:term":[{"taxonomy":"product_brand","embeddable":true,"href":"https:\/\/stoic-curie.212-227-153-4.plesk.page\/de\/wp-json\/wp\/v2\/product_brand?post=3399244"},{"taxonomy":"product_cat","embeddable":true,"href":"https:\/\/stoic-curie.212-227-153-4.plesk.page\/de\/wp-json\/wp\/v2\/product_cat?post=3399244"},{"taxonomy":"product_tag","embeddable":true,"href":"https:\/\/stoic-curie.212-227-153-4.plesk.page\/de\/wp-json\/wp\/v2\/product_tag?post=3399244"}],"curies":[{"name":"wp","href":"https:\/\/api.w.org\/{rel}","templated":true}]}}