{"id":3399403,"date":"2025-10-09T22:37:17","date_gmt":"2025-10-10T02:37:17","guid":{"rendered":"https:\/\/stoic-curie.212-227-153-4.plesk.page\/product\/geschlossener-end-jib-schnapphaken-100-mm\/"},"modified":"2026-02-24T23:34:46","modified_gmt":"2026-02-24T23:34:46","slug":"geschlossener-end-jib-schnapphaken-100-mm","status":"publish","type":"product","link":"https:\/\/stoic-curie.212-227-153-4.plesk.page\/de\/product\/geschlossener-end-jib-schnapphaken-100-mm\/","title":{"rendered":"Geschlossener End-Jib-Schnapphaken 100 mm"},"content":{"rendered":"<p>Geschlossener End-Jib-Schnapphaken 100 mm &#8211; <\/p>\n<p>316\u00c2\u00a0Edelstahl geschlossener Endfederhaken. Wird verwendet, um den Jib am Bugaugenbolzen zu befestigen. Er ist an einem G\u00fcrtel gen\u00e4ht oder an einer Leine gesplei\u00dft.<\/p>\n","protected":false},"excerpt":{"rendered":"<p>Geschlossener End-Jib-Schnapphaken 100 mm &#8211; 316\u00c2\u00a0Edelstahl geschlossener Endfederhaken. Wird verwendet, um den Jib am Bugaugenbolzen zu befestigen. Er ist an<\/p>\n","protected":false},"featured_media":5937880,"comment_status":"closed","ping_status":"closed","template":"","meta":[],"product_brand":[3120],"product_cat":[1418,1477],"product_tag":[],"class_list":{"0":"post-3399403","1":"product","2":"type-product","3":"status-publish","4":"has-post-thumbnail","6":"product_brand-marinetech-de","7":"product_cat-karabiner","8":"product_cat-schnappschaekel","10":"first","11":"instock","12":"shipping-taxable","13":"purchasable","14":"product-type-simple"},"_links":{"self":[{"href":"https:\/\/stoic-curie.212-227-153-4.plesk.page\/de\/wp-json\/wp\/v2\/product\/3399403","targetHints":{"allow":["GET"]}}],"collection":[{"href":"https:\/\/stoic-curie.212-227-153-4.plesk.page\/de\/wp-json\/wp\/v2\/product"}],"about":[{"href":"https:\/\/stoic-curie.212-227-153-4.plesk.page\/de\/wp-json\/wp\/v2\/types\/product"}],"replies":[{"embeddable":true,"href":"https:\/\/stoic-curie.212-227-153-4.plesk.page\/de\/wp-json\/wp\/v2\/comments?post=3399403"}],"version-history":[{"count":0,"href":"https:\/\/stoic-curie.212-227-153-4.plesk.page\/de\/wp-json\/wp\/v2\/product\/3399403\/revisions"}],"wp:featuredmedia":[{"embeddable":true,"href":"https:\/\/stoic-curie.212-227-153-4.plesk.page\/de\/wp-json\/wp\/v2\/media\/5937880"}],"wp:attachment":[{"href":"https:\/\/stoic-curie.212-227-153-4.plesk.page\/de\/wp-json\/wp\/v2\/media?parent=3399403"}],"wp:term":[{"taxonomy":"product_brand","embeddable":true,"href":"https:\/\/stoic-curie.212-227-153-4.plesk.page\/de\/wp-json\/wp\/v2\/product_brand?post=3399403"},{"taxonomy":"product_cat","embeddable":true,"href":"https:\/\/stoic-curie.212-227-153-4.plesk.page\/de\/wp-json\/wp\/v2\/product_cat?post=3399403"},{"taxonomy":"product_tag","embeddable":true,"href":"https:\/\/stoic-curie.212-227-153-4.plesk.page\/de\/wp-json\/wp\/v2\/product_tag?post=3399403"}],"curies":[{"name":"wp","href":"https:\/\/api.w.org\/{rel}","templated":true}]}}