{"id":3399452,"date":"2025-10-09T22:37:19","date_gmt":"2025-10-10T02:37:19","guid":{"rendered":"https:\/\/stoic-curie.212-227-153-4.plesk.page\/product\/zapfenstift-schwenkaugen-spi-schnappschaekel-74-mm\/"},"modified":"2026-02-24T23:34:46","modified_gmt":"2026-02-24T23:34:46","slug":"zapfenstift-schwenkaugen-spi-schnappschaekel-74-mm","status":"publish","type":"product","link":"https:\/\/stoic-curie.212-227-153-4.plesk.page\/de\/product\/zapfenstift-schwenkaugen-spi-schnappschaekel-74-mm\/","title":{"rendered":"Zapfenstift-Schwenkaugen-SPI-Schnappsch\u00e4kel 74 mm"},"content":{"rendered":"<p>Zapfenstift-Schwenkaugen-SPI-Schnappsch\u00e4kel 74 mm &#8211; <\/p>\n<p>316 rostfreier Edelstahl Schnellverschluss-Schwenkaugen-Schnappsch\u00e4kel mit Clevis-Stift. Wird f\u00fcr die Schoten und Fallen des Spinnakers oder der Genua verwendet. Im Falle von gesplei\u00dften Fallen kann der Sch\u00e4kelstift leicht ersetzt werden, wenn er abgenutzt ist.<\/p>\n","protected":false},"excerpt":{"rendered":"<p>Zapfenstift-Schwenkaugen-SPI-Schnappsch\u00e4kel 74 mm &#8211; 316 rostfreier Edelstahl Schnellverschluss-Schwenkaugen-Schnappsch\u00e4kel mit Clevis-Stift. Wird f\u00fcr die Schoten und Fallen des Spinnakers oder der<\/p>\n","protected":false},"featured_media":5937891,"comment_status":"closed","ping_status":"closed","template":"","meta":[],"product_brand":[3120],"product_cat":[1418,1477],"product_tag":[],"class_list":{"0":"post-3399452","1":"product","2":"type-product","3":"status-publish","4":"has-post-thumbnail","6":"product_brand-marinetech-de","7":"product_cat-karabiner","8":"product_cat-schnappschaekel","10":"first","11":"instock","12":"shipping-taxable","13":"purchasable","14":"product-type-simple"},"_links":{"self":[{"href":"https:\/\/stoic-curie.212-227-153-4.plesk.page\/de\/wp-json\/wp\/v2\/product\/3399452","targetHints":{"allow":["GET"]}}],"collection":[{"href":"https:\/\/stoic-curie.212-227-153-4.plesk.page\/de\/wp-json\/wp\/v2\/product"}],"about":[{"href":"https:\/\/stoic-curie.212-227-153-4.plesk.page\/de\/wp-json\/wp\/v2\/types\/product"}],"replies":[{"embeddable":true,"href":"https:\/\/stoic-curie.212-227-153-4.plesk.page\/de\/wp-json\/wp\/v2\/comments?post=3399452"}],"version-history":[{"count":0,"href":"https:\/\/stoic-curie.212-227-153-4.plesk.page\/de\/wp-json\/wp\/v2\/product\/3399452\/revisions"}],"wp:featuredmedia":[{"embeddable":true,"href":"https:\/\/stoic-curie.212-227-153-4.plesk.page\/de\/wp-json\/wp\/v2\/media\/5937891"}],"wp:attachment":[{"href":"https:\/\/stoic-curie.212-227-153-4.plesk.page\/de\/wp-json\/wp\/v2\/media?parent=3399452"}],"wp:term":[{"taxonomy":"product_brand","embeddable":true,"href":"https:\/\/stoic-curie.212-227-153-4.plesk.page\/de\/wp-json\/wp\/v2\/product_brand?post=3399452"},{"taxonomy":"product_cat","embeddable":true,"href":"https:\/\/stoic-curie.212-227-153-4.plesk.page\/de\/wp-json\/wp\/v2\/product_cat?post=3399452"},{"taxonomy":"product_tag","embeddable":true,"href":"https:\/\/stoic-curie.212-227-153-4.plesk.page\/de\/wp-json\/wp\/v2\/product_tag?post=3399452"}],"curies":[{"name":"wp","href":"https:\/\/api.w.org\/{rel}","templated":true}]}}