{"id":3399795,"date":"2025-10-09T22:37:32","date_gmt":"2025-10-10T02:37:32","guid":{"rendered":"https:\/\/stoic-curie.212-227-153-4.plesk.page\/product\/gestanzte-oesenriemen-gross-48mm\/"},"modified":"2026-02-24T23:34:46","modified_gmt":"2026-02-24T23:34:46","slug":"gestanzte-oesenriemen-gross-48mm","status":"publish","type":"product","link":"https:\/\/stoic-curie.212-227-153-4.plesk.page\/de\/product\/gestanzte-oesenriemen-gross-48mm\/","title":{"rendered":"Gestanzte \u00d6senriemen Gro\u00df 48mm"},"content":{"rendered":"<p>Gestanzte \u00d6senriemen Gro\u00df 48mm &#8211; <\/p>\n<p>Breite Basis aus rostfreiem Stahl, gestanzte Augenschlaufen. Verkauft in 10er-Packungen.<\/p>\n","protected":false},"excerpt":{"rendered":"<p>Gestanzte \u00d6senriemen Gro\u00df 48mm &#8211; Breite Basis aus rostfreiem Stahl, gestanzte Augenschlaufen. Verkauft in 10er-Packungen.<\/p>\n","protected":false},"featured_media":5937960,"comment_status":"closed","ping_status":"closed","template":"","meta":[],"product_brand":[3120],"product_cat":[1395,1478],"product_tag":[],"class_list":{"0":"post-3399795","1":"product","2":"type-product","3":"status-publish","4":"has-post-thumbnail","6":"product_brand-marinetech-de","7":"product_cat-deckbeschlaege","8":"product_cat-segelbootbeschlaege","10":"first","11":"instock","12":"shipping-taxable","13":"purchasable","14":"product-type-simple"},"_links":{"self":[{"href":"https:\/\/stoic-curie.212-227-153-4.plesk.page\/de\/wp-json\/wp\/v2\/product\/3399795","targetHints":{"allow":["GET"]}}],"collection":[{"href":"https:\/\/stoic-curie.212-227-153-4.plesk.page\/de\/wp-json\/wp\/v2\/product"}],"about":[{"href":"https:\/\/stoic-curie.212-227-153-4.plesk.page\/de\/wp-json\/wp\/v2\/types\/product"}],"replies":[{"embeddable":true,"href":"https:\/\/stoic-curie.212-227-153-4.plesk.page\/de\/wp-json\/wp\/v2\/comments?post=3399795"}],"version-history":[{"count":0,"href":"https:\/\/stoic-curie.212-227-153-4.plesk.page\/de\/wp-json\/wp\/v2\/product\/3399795\/revisions"}],"wp:featuredmedia":[{"embeddable":true,"href":"https:\/\/stoic-curie.212-227-153-4.plesk.page\/de\/wp-json\/wp\/v2\/media\/5937960"}],"wp:attachment":[{"href":"https:\/\/stoic-curie.212-227-153-4.plesk.page\/de\/wp-json\/wp\/v2\/media?parent=3399795"}],"wp:term":[{"taxonomy":"product_brand","embeddable":true,"href":"https:\/\/stoic-curie.212-227-153-4.plesk.page\/de\/wp-json\/wp\/v2\/product_brand?post=3399795"},{"taxonomy":"product_cat","embeddable":true,"href":"https:\/\/stoic-curie.212-227-153-4.plesk.page\/de\/wp-json\/wp\/v2\/product_cat?post=3399795"},{"taxonomy":"product_tag","embeddable":true,"href":"https:\/\/stoic-curie.212-227-153-4.plesk.page\/de\/wp-json\/wp\/v2\/product_tag?post=3399795"}],"curies":[{"name":"wp","href":"https:\/\/api.w.org\/{rel}","templated":true}]}}