{"id":3399855,"date":"2025-10-09T22:37:34","date_gmt":"2025-10-10T02:37:34","guid":{"rendered":"https:\/\/stoic-curie.212-227-153-4.plesk.page\/product\/doppelgelenkiger-kabinentuerhaken-100mm-verchromtes-messing\/"},"modified":"2026-02-24T23:34:46","modified_gmt":"2026-02-24T23:34:46","slug":"doppelgelenkiger-kabinentuerhaken-100mm-verchromtes-messing","status":"publish","type":"product","link":"https:\/\/stoic-curie.212-227-153-4.plesk.page\/de\/product\/doppelgelenkiger-kabinentuerhaken-100mm-verchromtes-messing\/","title":{"rendered":"Doppelgelenkiger Kabinent\u00fcrhaken 100mm verchromtes Messing"},"content":{"rendered":"<p>Doppelgelenkiger Kabinent\u00fcrhaken 100mm verchromtes Messing &#8211; <\/p>\n<p>Verchrometer Messing-Drehhaken f\u00fcr Kabinent\u00fcren.<\/p>\n","protected":false},"excerpt":{"rendered":"<p>Doppelgelenkiger Kabinent\u00fcrhaken 100mm verchromtes Messing &#8211; Verchrometer Messing-Drehhaken f\u00fcr Kabinent\u00fcren.<\/p>\n","protected":false},"featured_media":5937972,"comment_status":"closed","ping_status":"closed","template":"","meta":[],"product_brand":[2945],"product_cat":[1423],"product_tag":[],"class_list":{"0":"post-3399855","1":"product","2":"type-product","3":"status-publish","4":"has-post-thumbnail","6":"product_brand-foresti-suardi-de","7":"product_cat-kabinenbeschlaege","9":"first","10":"instock","11":"shipping-taxable","12":"purchasable","13":"product-type-simple"},"_links":{"self":[{"href":"https:\/\/stoic-curie.212-227-153-4.plesk.page\/de\/wp-json\/wp\/v2\/product\/3399855","targetHints":{"allow":["GET"]}}],"collection":[{"href":"https:\/\/stoic-curie.212-227-153-4.plesk.page\/de\/wp-json\/wp\/v2\/product"}],"about":[{"href":"https:\/\/stoic-curie.212-227-153-4.plesk.page\/de\/wp-json\/wp\/v2\/types\/product"}],"replies":[{"embeddable":true,"href":"https:\/\/stoic-curie.212-227-153-4.plesk.page\/de\/wp-json\/wp\/v2\/comments?post=3399855"}],"version-history":[{"count":0,"href":"https:\/\/stoic-curie.212-227-153-4.plesk.page\/de\/wp-json\/wp\/v2\/product\/3399855\/revisions"}],"wp:featuredmedia":[{"embeddable":true,"href":"https:\/\/stoic-curie.212-227-153-4.plesk.page\/de\/wp-json\/wp\/v2\/media\/5937972"}],"wp:attachment":[{"href":"https:\/\/stoic-curie.212-227-153-4.plesk.page\/de\/wp-json\/wp\/v2\/media?parent=3399855"}],"wp:term":[{"taxonomy":"product_brand","embeddable":true,"href":"https:\/\/stoic-curie.212-227-153-4.plesk.page\/de\/wp-json\/wp\/v2\/product_brand?post=3399855"},{"taxonomy":"product_cat","embeddable":true,"href":"https:\/\/stoic-curie.212-227-153-4.plesk.page\/de\/wp-json\/wp\/v2\/product_cat?post=3399855"},{"taxonomy":"product_tag","embeddable":true,"href":"https:\/\/stoic-curie.212-227-153-4.plesk.page\/de\/wp-json\/wp\/v2\/product_tag?post=3399855"}],"curies":[{"name":"wp","href":"https:\/\/api.w.org\/{rel}","templated":true}]}}