{"id":3399865,"date":"2025-10-09T22:37:34","date_gmt":"2025-10-10T02:37:34","guid":{"rendered":"https:\/\/stoic-curie.212-227-153-4.plesk.page\/product\/messing-90-ellbogen-verriegelung\/"},"modified":"2026-02-24T23:34:46","modified_gmt":"2026-02-24T23:34:46","slug":"messing-90-ellbogen-verriegelung","status":"publish","type":"product","link":"https:\/\/stoic-curie.212-227-153-4.plesk.page\/de\/product\/messing-90-ellbogen-verriegelung\/","title":{"rendered":"Messing-90\u00b0-Ellbogen-Verriegelung"},"content":{"rendered":"<p>Messing-90\u00b0-Ellbogen-Verriegelung &#8211; <\/p>\n<p>Messing-Eckbeschlag f\u00fcr T\u00fcren und Schr\u00e4nke. Wird mit Durchgangsgriffen oder durch ein einfaches Loch im Deckel verwendet.<\/p>\n","protected":false},"excerpt":{"rendered":"<p>Messing-90\u00b0-Ellbogen-Verriegelung &#8211; Messing-Eckbeschlag f\u00fcr T\u00fcren und Schr\u00e4nke. Wird mit Durchgangsgriffen oder durch ein einfaches Loch im Deckel verwendet.<\/p>\n","protected":false},"featured_media":5937974,"comment_status":"closed","ping_status":"closed","template":"","meta":[],"product_brand":[2945],"product_cat":[1400,1423],"product_tag":[],"class_list":{"0":"post-3399865","1":"product","2":"type-product","3":"status-publish","4":"has-post-thumbnail","6":"product_brand-foresti-suardi-de","7":"product_cat-bootsverschluesse","8":"product_cat-kabinenbeschlaege","10":"first","11":"instock","12":"shipping-taxable","13":"purchasable","14":"product-type-simple"},"_links":{"self":[{"href":"https:\/\/stoic-curie.212-227-153-4.plesk.page\/de\/wp-json\/wp\/v2\/product\/3399865","targetHints":{"allow":["GET"]}}],"collection":[{"href":"https:\/\/stoic-curie.212-227-153-4.plesk.page\/de\/wp-json\/wp\/v2\/product"}],"about":[{"href":"https:\/\/stoic-curie.212-227-153-4.plesk.page\/de\/wp-json\/wp\/v2\/types\/product"}],"replies":[{"embeddable":true,"href":"https:\/\/stoic-curie.212-227-153-4.plesk.page\/de\/wp-json\/wp\/v2\/comments?post=3399865"}],"version-history":[{"count":0,"href":"https:\/\/stoic-curie.212-227-153-4.plesk.page\/de\/wp-json\/wp\/v2\/product\/3399865\/revisions"}],"wp:featuredmedia":[{"embeddable":true,"href":"https:\/\/stoic-curie.212-227-153-4.plesk.page\/de\/wp-json\/wp\/v2\/media\/5937974"}],"wp:attachment":[{"href":"https:\/\/stoic-curie.212-227-153-4.plesk.page\/de\/wp-json\/wp\/v2\/media?parent=3399865"}],"wp:term":[{"taxonomy":"product_brand","embeddable":true,"href":"https:\/\/stoic-curie.212-227-153-4.plesk.page\/de\/wp-json\/wp\/v2\/product_brand?post=3399865"},{"taxonomy":"product_cat","embeddable":true,"href":"https:\/\/stoic-curie.212-227-153-4.plesk.page\/de\/wp-json\/wp\/v2\/product_cat?post=3399865"},{"taxonomy":"product_tag","embeddable":true,"href":"https:\/\/stoic-curie.212-227-153-4.plesk.page\/de\/wp-json\/wp\/v2\/product_tag?post=3399865"}],"curies":[{"name":"wp","href":"https:\/\/api.w.org\/{rel}","templated":true}]}}