{"id":3400103,"date":"2025-10-09T22:37:43","date_gmt":"2025-10-10T02:37:43","guid":{"rendered":"https:\/\/stoic-curie.212-227-153-4.plesk.page\/product\/southco-sundecker-slam-verschluss-53x115mm-nordseite\/"},"modified":"2026-02-24T23:34:46","modified_gmt":"2026-02-24T23:34:46","slug":"southco-sundecker-slam-verschluss-53x115mm-nordseite","status":"publish","type":"product","link":"https:\/\/stoic-curie.212-227-153-4.plesk.page\/de\/product\/southco-sundecker-slam-verschluss-53x115mm-nordseite\/","title":{"rendered":"Southco Sundecker Slam-Verschluss 53x115mm Nordseite"},"content":{"rendered":"<p>Southco Sundecker Slam-Verschluss 53x115mm Nordseite &#8211; <\/p>\n<p>Verschlussmechanismus von Southco Sundecker f\u00fcr das bequeme \u00d6ffnen und Schlie\u00dfen von Luken, F\u00e4chern und Boxen (einfach am Riemen ziehen). Orientierbar, in jeder Position montierbar, schnelle und einfache Montage. Riemenl\u00e4nge: 1 Meter.<\/p>\n","protected":false},"excerpt":{"rendered":"<p>Southco Sundecker Slam-Verschluss 53x115mm Nordseite &#8211; Verschlussmechanismus von Southco Sundecker f\u00fcr das bequeme \u00d6ffnen und Schlie\u00dfen von Luken, F\u00e4chern und<\/p>\n","protected":false},"featured_media":5937997,"comment_status":"closed","ping_status":"closed","template":"","meta":[],"product_brand":[3415],"product_cat":[1400,1423],"product_tag":[],"class_list":{"0":"post-3400103","1":"product","2":"type-product","3":"status-publish","4":"has-post-thumbnail","6":"product_brand-southco-mobella-de","7":"product_cat-bootsverschluesse","8":"product_cat-kabinenbeschlaege","10":"first","11":"instock","12":"shipping-taxable","13":"purchasable","14":"product-type-simple"},"_links":{"self":[{"href":"https:\/\/stoic-curie.212-227-153-4.plesk.page\/de\/wp-json\/wp\/v2\/product\/3400103","targetHints":{"allow":["GET"]}}],"collection":[{"href":"https:\/\/stoic-curie.212-227-153-4.plesk.page\/de\/wp-json\/wp\/v2\/product"}],"about":[{"href":"https:\/\/stoic-curie.212-227-153-4.plesk.page\/de\/wp-json\/wp\/v2\/types\/product"}],"replies":[{"embeddable":true,"href":"https:\/\/stoic-curie.212-227-153-4.plesk.page\/de\/wp-json\/wp\/v2\/comments?post=3400103"}],"version-history":[{"count":0,"href":"https:\/\/stoic-curie.212-227-153-4.plesk.page\/de\/wp-json\/wp\/v2\/product\/3400103\/revisions"}],"wp:featuredmedia":[{"embeddable":true,"href":"https:\/\/stoic-curie.212-227-153-4.plesk.page\/de\/wp-json\/wp\/v2\/media\/5937997"}],"wp:attachment":[{"href":"https:\/\/stoic-curie.212-227-153-4.plesk.page\/de\/wp-json\/wp\/v2\/media?parent=3400103"}],"wp:term":[{"taxonomy":"product_brand","embeddable":true,"href":"https:\/\/stoic-curie.212-227-153-4.plesk.page\/de\/wp-json\/wp\/v2\/product_brand?post=3400103"},{"taxonomy":"product_cat","embeddable":true,"href":"https:\/\/stoic-curie.212-227-153-4.plesk.page\/de\/wp-json\/wp\/v2\/product_cat?post=3400103"},{"taxonomy":"product_tag","embeddable":true,"href":"https:\/\/stoic-curie.212-227-153-4.plesk.page\/de\/wp-json\/wp\/v2\/product_tag?post=3400103"}],"curies":[{"name":"wp","href":"https:\/\/api.w.org\/{rel}","templated":true}]}}