{"id":3400117,"date":"2025-10-09T22:37:43","date_gmt":"2025-10-10T02:37:43","guid":{"rendered":"https:\/\/stoic-curie.212-227-153-4.plesk.page\/product\/southco-sundecker-slam-verschluss-53x115mm-suedseite\/"},"modified":"2026-02-24T23:34:46","modified_gmt":"2026-02-24T23:34:46","slug":"southco-sundecker-slam-verschluss-53x115mm-suedseite","status":"publish","type":"product","link":"https:\/\/stoic-curie.212-227-153-4.plesk.page\/de\/product\/southco-sundecker-slam-verschluss-53x115mm-suedseite\/","title":{"rendered":"Southco Sundecker Slam-Verschluss 53x115mm S\u00fcdseite"},"content":{"rendered":"<p>Southco Sundecker Slam-Verschluss 53x115mm S\u00fcdseite &#8211; <\/p>\n<p>Der Pull-Release Sundecker Slam-Verschluss von Southco erm\u00f6glicht das einfache \u00d6ffnen und Schlie\u00dfen von Klappen, Schr\u00e4nken und Boxen aus der Ferne (einfach am Riemen ziehen). Die Verschl\u00fcsse sind drehbar, k\u00f6nnen in jeder Position montiert werden und zeichnen sich durch eine schnelle und einfache Installation aus. Die Riemenl\u00e4nge betr\u00e4gt 1 Meter.<\/p>\n","protected":false},"excerpt":{"rendered":"<p>Southco Sundecker Slam-Verschluss 53x115mm S\u00fcdseite &#8211; Der Pull-Release Sundecker Slam-Verschluss von Southco erm\u00f6glicht das einfache \u00d6ffnen und Schlie\u00dfen von Klappen,<\/p>\n","protected":false},"featured_media":5937997,"comment_status":"closed","ping_status":"closed","template":"","meta":[],"product_brand":[3415],"product_cat":[1400,1423],"product_tag":[],"class_list":{"0":"post-3400117","1":"product","2":"type-product","3":"status-publish","4":"has-post-thumbnail","6":"product_brand-southco-mobella-de","7":"product_cat-bootsverschluesse","8":"product_cat-kabinenbeschlaege","10":"first","11":"instock","12":"shipping-taxable","13":"purchasable","14":"product-type-simple"},"_links":{"self":[{"href":"https:\/\/stoic-curie.212-227-153-4.plesk.page\/de\/wp-json\/wp\/v2\/product\/3400117","targetHints":{"allow":["GET"]}}],"collection":[{"href":"https:\/\/stoic-curie.212-227-153-4.plesk.page\/de\/wp-json\/wp\/v2\/product"}],"about":[{"href":"https:\/\/stoic-curie.212-227-153-4.plesk.page\/de\/wp-json\/wp\/v2\/types\/product"}],"replies":[{"embeddable":true,"href":"https:\/\/stoic-curie.212-227-153-4.plesk.page\/de\/wp-json\/wp\/v2\/comments?post=3400117"}],"version-history":[{"count":0,"href":"https:\/\/stoic-curie.212-227-153-4.plesk.page\/de\/wp-json\/wp\/v2\/product\/3400117\/revisions"}],"wp:featuredmedia":[{"embeddable":true,"href":"https:\/\/stoic-curie.212-227-153-4.plesk.page\/de\/wp-json\/wp\/v2\/media\/5937997"}],"wp:attachment":[{"href":"https:\/\/stoic-curie.212-227-153-4.plesk.page\/de\/wp-json\/wp\/v2\/media?parent=3400117"}],"wp:term":[{"taxonomy":"product_brand","embeddable":true,"href":"https:\/\/stoic-curie.212-227-153-4.plesk.page\/de\/wp-json\/wp\/v2\/product_brand?post=3400117"},{"taxonomy":"product_cat","embeddable":true,"href":"https:\/\/stoic-curie.212-227-153-4.plesk.page\/de\/wp-json\/wp\/v2\/product_cat?post=3400117"},{"taxonomy":"product_tag","embeddable":true,"href":"https:\/\/stoic-curie.212-227-153-4.plesk.page\/de\/wp-json\/wp\/v2\/product_tag?post=3400117"}],"curies":[{"name":"wp","href":"https:\/\/api.w.org\/{rel}","templated":true}]}}