{"id":3400120,"date":"2025-10-09T22:37:44","date_gmt":"2025-10-10T02:37:44","guid":{"rendered":"https:\/\/stoic-curie.212-227-153-4.plesk.page\/product\/schrankverschluss-45x8-mm-bronze\/"},"modified":"2026-02-24T23:34:46","modified_gmt":"2026-02-24T23:34:46","slug":"schrankverschluss-45x8-mm-bronze","status":"publish","type":"product","link":"https:\/\/stoic-curie.212-227-153-4.plesk.page\/de\/product\/schrankverschluss-45x8-mm-bronze\/","title":{"rendered":"Schrankverschluss 45&#215;8 mm Bronze"},"content":{"rendered":"<p>Schrankverschluss 45&#215;8 mm Bronze &#8211; <\/p>\n<p>Schrankverschluss f\u00fcr Schubladen und Schr\u00e4nke. Basis aus Zamaklegierung und Befestigung mit Messing- oder Chromoberfl\u00e4che. Im Paar verkauft.<\/p>\n","protected":false},"excerpt":{"rendered":"<p>Schrankverschluss 45&#215;8 mm Bronze &#8211; Schrankverschluss f\u00fcr Schubladen und Schr\u00e4nke. Basis aus Zamaklegierung und Befestigung mit Messing- oder Chromoberfl\u00e4che. Im<\/p>\n","protected":false},"featured_media":5938001,"comment_status":"closed","ping_status":"closed","template":"","meta":[],"product_brand":[2945],"product_cat":[1423],"product_tag":[],"class_list":{"0":"post-3400120","1":"product","2":"type-product","3":"status-publish","4":"has-post-thumbnail","6":"product_brand-foresti-suardi-de","7":"product_cat-kabinenbeschlaege","9":"first","10":"instock","11":"shipping-taxable","12":"purchasable","13":"product-type-simple"},"_links":{"self":[{"href":"https:\/\/stoic-curie.212-227-153-4.plesk.page\/de\/wp-json\/wp\/v2\/product\/3400120","targetHints":{"allow":["GET"]}}],"collection":[{"href":"https:\/\/stoic-curie.212-227-153-4.plesk.page\/de\/wp-json\/wp\/v2\/product"}],"about":[{"href":"https:\/\/stoic-curie.212-227-153-4.plesk.page\/de\/wp-json\/wp\/v2\/types\/product"}],"replies":[{"embeddable":true,"href":"https:\/\/stoic-curie.212-227-153-4.plesk.page\/de\/wp-json\/wp\/v2\/comments?post=3400120"}],"version-history":[{"count":0,"href":"https:\/\/stoic-curie.212-227-153-4.plesk.page\/de\/wp-json\/wp\/v2\/product\/3400120\/revisions"}],"wp:featuredmedia":[{"embeddable":true,"href":"https:\/\/stoic-curie.212-227-153-4.plesk.page\/de\/wp-json\/wp\/v2\/media\/5938001"}],"wp:attachment":[{"href":"https:\/\/stoic-curie.212-227-153-4.plesk.page\/de\/wp-json\/wp\/v2\/media?parent=3400120"}],"wp:term":[{"taxonomy":"product_brand","embeddable":true,"href":"https:\/\/stoic-curie.212-227-153-4.plesk.page\/de\/wp-json\/wp\/v2\/product_brand?post=3400120"},{"taxonomy":"product_cat","embeddable":true,"href":"https:\/\/stoic-curie.212-227-153-4.plesk.page\/de\/wp-json\/wp\/v2\/product_cat?post=3400120"},{"taxonomy":"product_tag","embeddable":true,"href":"https:\/\/stoic-curie.212-227-153-4.plesk.page\/de\/wp-json\/wp\/v2\/product_tag?post=3400120"}],"curies":[{"name":"wp","href":"https:\/\/api.w.org\/{rel}","templated":true}]}}