{"id":3400139,"date":"2025-10-09T22:37:45","date_gmt":"2025-10-10T02:37:45","guid":{"rendered":"https:\/\/stoic-curie.212-227-153-4.plesk.page\/product\/southco-drehknopfverschluss-zur-oberflaechenmontage-32x47mm-verchromte-oberflaeche\/"},"modified":"2026-02-24T23:34:46","modified_gmt":"2026-02-24T23:34:46","slug":"southco-drehknopfverschluss-zur-oberflaechenmontage-32x47mm-verchromte-oberflaeche","status":"publish","type":"product","link":"https:\/\/stoic-curie.212-227-153-4.plesk.page\/de\/product\/southco-drehknopfverschluss-zur-oberflaechenmontage-32x47mm-verchromte-oberflaeche\/","title":{"rendered":"Southco Drehknopfverschluss zur Oberfl\u00e4chenmontage 32x47mm Verchromte Oberfl\u00e4che"},"content":{"rendered":"<p>Southco Drehknopfverschluss zur Oberfl\u00e4chenmontage 32x47mm Verchromte Oberfl\u00e4che &#8211; <\/p>\n<p>Southco Druck-\/Drehknopfverschluss: Der Knopf bleibt im geschlossenen Zustand flach, springt jedoch bei Ber\u00fchrung heraus, um einen sicheren Griff zum Bet\u00e4tigen des Verschlusses und zum \u00d6ffnen oder Schlie\u00dfen der T\u00fcr zu bieten. Drehen Sie den Knopf zum \u00d6ffnen, dr\u00fccken Sie die T\u00fcr zum Schlie\u00dfen. Selbstjustierender Halter. UV-best\u00e4ndige und korrosionsbest\u00e4ndige Mutter und Geh\u00e4use. F\u00fcr die Fl\u00e4chen- oder Aufsatzmontage von T\u00fcren.<\/p>\n","protected":false},"excerpt":{"rendered":"<p>Southco Drehknopfverschluss zur Oberfl\u00e4chenmontage 32x47mm Verchromte Oberfl\u00e4che &#8211; Southco Druck-\/Drehknopfverschluss: Der Knopf bleibt im geschlossenen Zustand flach, springt jedoch bei<\/p>\n","protected":false},"featured_media":5938004,"comment_status":"closed","ping_status":"closed","template":"","meta":[],"product_brand":[3415],"product_cat":[1400,1423],"product_tag":[],"class_list":{"0":"post-3400139","1":"product","2":"type-product","3":"status-publish","4":"has-post-thumbnail","6":"product_brand-southco-mobella-de","7":"product_cat-bootsverschluesse","8":"product_cat-kabinenbeschlaege","10":"first","11":"instock","12":"shipping-taxable","13":"purchasable","14":"product-type-simple"},"_links":{"self":[{"href":"https:\/\/stoic-curie.212-227-153-4.plesk.page\/de\/wp-json\/wp\/v2\/product\/3400139","targetHints":{"allow":["GET"]}}],"collection":[{"href":"https:\/\/stoic-curie.212-227-153-4.plesk.page\/de\/wp-json\/wp\/v2\/product"}],"about":[{"href":"https:\/\/stoic-curie.212-227-153-4.plesk.page\/de\/wp-json\/wp\/v2\/types\/product"}],"replies":[{"embeddable":true,"href":"https:\/\/stoic-curie.212-227-153-4.plesk.page\/de\/wp-json\/wp\/v2\/comments?post=3400139"}],"version-history":[{"count":0,"href":"https:\/\/stoic-curie.212-227-153-4.plesk.page\/de\/wp-json\/wp\/v2\/product\/3400139\/revisions"}],"wp:featuredmedia":[{"embeddable":true,"href":"https:\/\/stoic-curie.212-227-153-4.plesk.page\/de\/wp-json\/wp\/v2\/media\/5938004"}],"wp:attachment":[{"href":"https:\/\/stoic-curie.212-227-153-4.plesk.page\/de\/wp-json\/wp\/v2\/media?parent=3400139"}],"wp:term":[{"taxonomy":"product_brand","embeddable":true,"href":"https:\/\/stoic-curie.212-227-153-4.plesk.page\/de\/wp-json\/wp\/v2\/product_brand?post=3400139"},{"taxonomy":"product_cat","embeddable":true,"href":"https:\/\/stoic-curie.212-227-153-4.plesk.page\/de\/wp-json\/wp\/v2\/product_cat?post=3400139"},{"taxonomy":"product_tag","embeddable":true,"href":"https:\/\/stoic-curie.212-227-153-4.plesk.page\/de\/wp-json\/wp\/v2\/product_tag?post=3400139"}],"curies":[{"name":"wp","href":"https:\/\/api.w.org\/{rel}","templated":true}]}}