{"id":3400148,"date":"2025-10-09T22:37:45","date_gmt":"2025-10-10T02:37:45","guid":{"rendered":"https:\/\/stoic-curie.212-227-153-4.plesk.page\/product\/southco-punkt-rundverschluss-25x50mm-verchromt\/"},"modified":"2026-02-24T23:34:46","modified_gmt":"2026-02-24T23:34:46","slug":"southco-punkt-rundverschluss-25x50mm-verchromt","status":"publish","type":"product","link":"https:\/\/stoic-curie.212-227-153-4.plesk.page\/de\/product\/southco-punkt-rundverschluss-25x50mm-verchromt\/","title":{"rendered":"Southco Punkt-Rundverschluss 25x50mm Verchromt"},"content":{"rendered":"<p>Southco Punkt-Rundverschluss 25x50mm Verchromt &#8211; <\/p>\n<p>Southco Push-to-Close Punktverschluss mit flachem Griff und runder Flansche. Der Griff ist bei geschlossener T\u00fcr b\u00fcndig und springt beim \u00d6ffnen der T\u00fcr heraus. Schwarze Nylonmutter und Geh\u00e4use, Messingknopf und -flansche. Muss mit festem oder einstellbarem Halter erg\u00e4nzt werden.<\/p>\n","protected":false},"excerpt":{"rendered":"<p>Southco Punkt-Rundverschluss 25x50mm Verchromt &#8211; Southco Push-to-Close Punktverschluss mit flachem Griff und runder Flansche. Der Griff ist bei geschlossener T\u00fcr<\/p>\n","protected":false},"featured_media":5938007,"comment_status":"closed","ping_status":"closed","template":"","meta":[],"product_brand":[3415],"product_cat":[1400,1423],"product_tag":[],"class_list":{"0":"post-3400148","1":"product","2":"type-product","3":"status-publish","4":"has-post-thumbnail","6":"product_brand-southco-mobella-de","7":"product_cat-bootsverschluesse","8":"product_cat-kabinenbeschlaege","10":"first","11":"instock","12":"shipping-taxable","13":"purchasable","14":"product-type-simple"},"_links":{"self":[{"href":"https:\/\/stoic-curie.212-227-153-4.plesk.page\/de\/wp-json\/wp\/v2\/product\/3400148","targetHints":{"allow":["GET"]}}],"collection":[{"href":"https:\/\/stoic-curie.212-227-153-4.plesk.page\/de\/wp-json\/wp\/v2\/product"}],"about":[{"href":"https:\/\/stoic-curie.212-227-153-4.plesk.page\/de\/wp-json\/wp\/v2\/types\/product"}],"replies":[{"embeddable":true,"href":"https:\/\/stoic-curie.212-227-153-4.plesk.page\/de\/wp-json\/wp\/v2\/comments?post=3400148"}],"version-history":[{"count":0,"href":"https:\/\/stoic-curie.212-227-153-4.plesk.page\/de\/wp-json\/wp\/v2\/product\/3400148\/revisions"}],"wp:featuredmedia":[{"embeddable":true,"href":"https:\/\/stoic-curie.212-227-153-4.plesk.page\/de\/wp-json\/wp\/v2\/media\/5938007"}],"wp:attachment":[{"href":"https:\/\/stoic-curie.212-227-153-4.plesk.page\/de\/wp-json\/wp\/v2\/media?parent=3400148"}],"wp:term":[{"taxonomy":"product_brand","embeddable":true,"href":"https:\/\/stoic-curie.212-227-153-4.plesk.page\/de\/wp-json\/wp\/v2\/product_brand?post=3400148"},{"taxonomy":"product_cat","embeddable":true,"href":"https:\/\/stoic-curie.212-227-153-4.plesk.page\/de\/wp-json\/wp\/v2\/product_cat?post=3400148"},{"taxonomy":"product_tag","embeddable":true,"href":"https:\/\/stoic-curie.212-227-153-4.plesk.page\/de\/wp-json\/wp\/v2\/product_tag?post=3400148"}],"curies":[{"name":"wp","href":"https:\/\/api.w.org\/{rel}","templated":true}]}}