{"id":3400165,"date":"2025-10-09T22:37:46","date_gmt":"2025-10-10T02:37:46","guid":{"rendered":"https:\/\/stoic-curie.212-227-153-4.plesk.page\/product\/southco-knopfverschluss-25x40mm-schwarz-nylon\/"},"modified":"2026-02-24T23:34:46","modified_gmt":"2026-02-24T23:34:46","slug":"southco-knopfverschluss-25x40mm-schwarz-nylon","status":"publish","type":"product","link":"https:\/\/stoic-curie.212-227-153-4.plesk.page\/de\/product\/southco-knopfverschluss-25x40mm-schwarz-nylon\/","title":{"rendered":"Southco Knopfverschluss 25x40mm Schwarz Nylon"},"content":{"rendered":"<p>Southco Knopfverschluss 25x40mm Schwarz Nylon &#8211; <\/p>\n<p>Verst\u00e4rktes Nylon- und Harzgeh\u00e4use mit verriegelbarem Druckknopf-Schloss von Southco. Korrosionsbest\u00e4ndige Innenfedern aus 302 Edelstahl. Maximale T\u00fcrst\u00e4rke 12,5 mm.<\/p>\n","protected":false},"excerpt":{"rendered":"<p>Southco Knopfverschluss 25x40mm Schwarz Nylon &#8211; Verst\u00e4rktes Nylon- und Harzgeh\u00e4use mit verriegelbarem Druckknopf-Schloss von Southco. Korrosionsbest\u00e4ndige Innenfedern aus 302 Edelstahl.<\/p>\n","protected":false},"featured_media":5938011,"comment_status":"closed","ping_status":"closed","template":"","meta":[],"product_brand":[3415],"product_cat":[1400,1423],"product_tag":[],"class_list":{"0":"post-3400165","1":"product","2":"type-product","3":"status-publish","4":"has-post-thumbnail","6":"product_brand-southco-mobella-de","7":"product_cat-bootsverschluesse","8":"product_cat-kabinenbeschlaege","10":"first","11":"instock","12":"shipping-taxable","13":"purchasable","14":"product-type-simple"},"_links":{"self":[{"href":"https:\/\/stoic-curie.212-227-153-4.plesk.page\/de\/wp-json\/wp\/v2\/product\/3400165","targetHints":{"allow":["GET"]}}],"collection":[{"href":"https:\/\/stoic-curie.212-227-153-4.plesk.page\/de\/wp-json\/wp\/v2\/product"}],"about":[{"href":"https:\/\/stoic-curie.212-227-153-4.plesk.page\/de\/wp-json\/wp\/v2\/types\/product"}],"replies":[{"embeddable":true,"href":"https:\/\/stoic-curie.212-227-153-4.plesk.page\/de\/wp-json\/wp\/v2\/comments?post=3400165"}],"version-history":[{"count":0,"href":"https:\/\/stoic-curie.212-227-153-4.plesk.page\/de\/wp-json\/wp\/v2\/product\/3400165\/revisions"}],"wp:featuredmedia":[{"embeddable":true,"href":"https:\/\/stoic-curie.212-227-153-4.plesk.page\/de\/wp-json\/wp\/v2\/media\/5938011"}],"wp:attachment":[{"href":"https:\/\/stoic-curie.212-227-153-4.plesk.page\/de\/wp-json\/wp\/v2\/media?parent=3400165"}],"wp:term":[{"taxonomy":"product_brand","embeddable":true,"href":"https:\/\/stoic-curie.212-227-153-4.plesk.page\/de\/wp-json\/wp\/v2\/product_brand?post=3400165"},{"taxonomy":"product_cat","embeddable":true,"href":"https:\/\/stoic-curie.212-227-153-4.plesk.page\/de\/wp-json\/wp\/v2\/product_cat?post=3400165"},{"taxonomy":"product_tag","embeddable":true,"href":"https:\/\/stoic-curie.212-227-153-4.plesk.page\/de\/wp-json\/wp\/v2\/product_tag?post=3400165"}],"curies":[{"name":"wp","href":"https:\/\/api.w.org\/{rel}","templated":true}]}}