{"id":3400180,"date":"2025-10-09T22:37:46","date_gmt":"2025-10-10T02:37:46","guid":{"rendered":"https:\/\/stoic-curie.212-227-153-4.plesk.page\/product\/mini-camlocks-mit-schluesseln-12-x-10-mm\/"},"modified":"2026-02-24T23:34:46","modified_gmt":"2026-02-24T23:34:46","slug":"mini-camlocks-mit-schluesseln-12-x-10-mm","status":"publish","type":"product","link":"https:\/\/stoic-curie.212-227-153-4.plesk.page\/de\/product\/mini-camlocks-mit-schluesseln-12-x-10-mm\/","title":{"rendered":"Mini-Camlocks mit Schl\u00fcsseln, 12 x 10 mm"},"content":{"rendered":"<p>Mini-Camlocks mit Schl\u00fcsseln, 12 x 10 mm &#8211; <\/p>\n<p>Wei\u00dfer verst\u00e4rkter wasserdichter Kunststoffschacht mit Schubladen.<\/p>\n","protected":false},"excerpt":{"rendered":"<p>Mini-Camlocks mit Schl\u00fcsseln, 12 x 10 mm &#8211; Wei\u00dfer verst\u00e4rkter wasserdichter Kunststoffschacht mit Schubladen.<\/p>\n","protected":false},"featured_media":5938014,"comment_status":"closed","ping_status":"closed","template":"","meta":[],"product_brand":[3135],"product_cat":[1408,1421],"product_tag":[],"class_list":{"0":"post-3400180","1":"product","2":"type-product","3":"status-publish","4":"has-post-thumbnail","6":"product_brand-masterlock-de","7":"product_cat-kunststoffluken","8":"product_cat-tuerschloesser","10":"first","11":"instock","12":"shipping-taxable","13":"purchasable","14":"product-type-simple"},"_links":{"self":[{"href":"https:\/\/stoic-curie.212-227-153-4.plesk.page\/de\/wp-json\/wp\/v2\/product\/3400180","targetHints":{"allow":["GET"]}}],"collection":[{"href":"https:\/\/stoic-curie.212-227-153-4.plesk.page\/de\/wp-json\/wp\/v2\/product"}],"about":[{"href":"https:\/\/stoic-curie.212-227-153-4.plesk.page\/de\/wp-json\/wp\/v2\/types\/product"}],"replies":[{"embeddable":true,"href":"https:\/\/stoic-curie.212-227-153-4.plesk.page\/de\/wp-json\/wp\/v2\/comments?post=3400180"}],"version-history":[{"count":0,"href":"https:\/\/stoic-curie.212-227-153-4.plesk.page\/de\/wp-json\/wp\/v2\/product\/3400180\/revisions"}],"wp:featuredmedia":[{"embeddable":true,"href":"https:\/\/stoic-curie.212-227-153-4.plesk.page\/de\/wp-json\/wp\/v2\/media\/5938014"}],"wp:attachment":[{"href":"https:\/\/stoic-curie.212-227-153-4.plesk.page\/de\/wp-json\/wp\/v2\/media?parent=3400180"}],"wp:term":[{"taxonomy":"product_brand","embeddable":true,"href":"https:\/\/stoic-curie.212-227-153-4.plesk.page\/de\/wp-json\/wp\/v2\/product_brand?post=3400180"},{"taxonomy":"product_cat","embeddable":true,"href":"https:\/\/stoic-curie.212-227-153-4.plesk.page\/de\/wp-json\/wp\/v2\/product_cat?post=3400180"},{"taxonomy":"product_tag","embeddable":true,"href":"https:\/\/stoic-curie.212-227-153-4.plesk.page\/de\/wp-json\/wp\/v2\/product_tag?post=3400180"}],"curies":[{"name":"wp","href":"https:\/\/api.w.org\/{rel}","templated":true}]}}