{"id":3400202,"date":"2025-10-09T22:37:47","date_gmt":"2025-10-10T02:37:47","guid":{"rendered":"https:\/\/stoic-curie.212-227-153-4.plesk.page\/product\/mini-camlocks-mit-schluesseln-19-x-25-mm\/"},"modified":"2026-02-24T23:34:46","modified_gmt":"2026-02-24T23:34:46","slug":"mini-camlocks-mit-schluesseln-19-x-25-mm","status":"publish","type":"product","link":"https:\/\/stoic-curie.212-227-153-4.plesk.page\/de\/product\/mini-camlocks-mit-schluesseln-19-x-25-mm\/","title":{"rendered":"Mini-Camlocks mit Schl\u00fcsseln, 19 x 25 mm"},"content":{"rendered":"<p>Mini-Camlocks mit Schl\u00fcsseln, 19 x 25 mm &#8211; <\/p>\n<p>Rostfreier Stahlrahmen f\u00fcr Luken und Schotten. Komplett mit Kammschloss und Schl\u00fcsseln.<\/p>\n","protected":false},"excerpt":{"rendered":"<p>Mini-Camlocks mit Schl\u00fcsseln, 19 x 25 mm &#8211; Rostfreier Stahlrahmen f\u00fcr Luken und Schotten. Komplett mit Kammschloss und Schl\u00fcsseln.<\/p>\n","protected":false},"featured_media":5938017,"comment_status":"closed","ping_status":"closed","template":"","meta":[],"product_brand":[3135],"product_cat":[1408,1421],"product_tag":[],"class_list":{"0":"post-3400202","1":"product","2":"type-product","3":"status-publish","4":"has-post-thumbnail","6":"product_brand-masterlock-de","7":"product_cat-kunststoffluken","8":"product_cat-tuerschloesser","10":"first","11":"instock","12":"shipping-taxable","13":"purchasable","14":"product-type-simple"},"_links":{"self":[{"href":"https:\/\/stoic-curie.212-227-153-4.plesk.page\/de\/wp-json\/wp\/v2\/product\/3400202","targetHints":{"allow":["GET"]}}],"collection":[{"href":"https:\/\/stoic-curie.212-227-153-4.plesk.page\/de\/wp-json\/wp\/v2\/product"}],"about":[{"href":"https:\/\/stoic-curie.212-227-153-4.plesk.page\/de\/wp-json\/wp\/v2\/types\/product"}],"replies":[{"embeddable":true,"href":"https:\/\/stoic-curie.212-227-153-4.plesk.page\/de\/wp-json\/wp\/v2\/comments?post=3400202"}],"version-history":[{"count":0,"href":"https:\/\/stoic-curie.212-227-153-4.plesk.page\/de\/wp-json\/wp\/v2\/product\/3400202\/revisions"}],"wp:featuredmedia":[{"embeddable":true,"href":"https:\/\/stoic-curie.212-227-153-4.plesk.page\/de\/wp-json\/wp\/v2\/media\/5938017"}],"wp:attachment":[{"href":"https:\/\/stoic-curie.212-227-153-4.plesk.page\/de\/wp-json\/wp\/v2\/media?parent=3400202"}],"wp:term":[{"taxonomy":"product_brand","embeddable":true,"href":"https:\/\/stoic-curie.212-227-153-4.plesk.page\/de\/wp-json\/wp\/v2\/product_brand?post=3400202"},{"taxonomy":"product_cat","embeddable":true,"href":"https:\/\/stoic-curie.212-227-153-4.plesk.page\/de\/wp-json\/wp\/v2\/product_cat?post=3400202"},{"taxonomy":"product_tag","embeddable":true,"href":"https:\/\/stoic-curie.212-227-153-4.plesk.page\/de\/wp-json\/wp\/v2\/product_tag?post=3400202"}],"curies":[{"name":"wp","href":"https:\/\/api.w.org\/{rel}","templated":true}]}}