{"id":3400252,"date":"2025-10-09T22:37:48","date_gmt":"2025-10-10T02:37:48","guid":{"rendered":"https:\/\/stoic-curie.212-227-153-4.plesk.page\/product\/vorhaengeschloesser-langbuegel-30mm-hardinox-standard-marine\/"},"modified":"2026-02-24T23:34:46","modified_gmt":"2026-02-24T23:34:46","slug":"vorhaengeschloesser-langbuegel-30mm-hardinox-standard-marine","status":"publish","type":"product","link":"https:\/\/stoic-curie.212-227-153-4.plesk.page\/de\/product\/vorhaengeschloesser-langbuegel-30mm-hardinox-standard-marine\/","title":{"rendered":"Vorh\u00e4ngeschl\u00f6sser Langb\u00fcgel 30mm Hardinox Standard Marine"},"content":{"rendered":"<p>Vorh\u00e4ngeschl\u00f6sser Langb\u00fcgel 30mm Hardinox Standard Marine &#8211; <\/p>\n<p>Spiegelpolierte Edelstahl-Padlocks mit langem B\u00fcgel. Robust, stabil und sicher, immun gegen Salz und maritime Umgebungen.<\/p>\n","protected":false},"excerpt":{"rendered":"<p>Vorh\u00e4ngeschl\u00f6sser Langb\u00fcgel 30mm Hardinox Standard Marine &#8211; Spiegelpolierte Edelstahl-Padlocks mit langem B\u00fcgel. Robust, stabil und sicher, immun gegen Salz und<\/p>\n","protected":false},"featured_media":5938048,"comment_status":"closed","ping_status":"closed","template":"","meta":[],"product_brand":[3135],"product_cat":[1399],"product_tag":[],"class_list":{"0":"post-3400252","1":"product","2":"type-product","3":"status-publish","4":"has-post-thumbnail","6":"product_brand-masterlock-de","7":"product_cat-schloesser","9":"first","10":"outofstock","11":"shipping-taxable","12":"purchasable","13":"product-type-simple"},"_links":{"self":[{"href":"https:\/\/stoic-curie.212-227-153-4.plesk.page\/de\/wp-json\/wp\/v2\/product\/3400252","targetHints":{"allow":["GET"]}}],"collection":[{"href":"https:\/\/stoic-curie.212-227-153-4.plesk.page\/de\/wp-json\/wp\/v2\/product"}],"about":[{"href":"https:\/\/stoic-curie.212-227-153-4.plesk.page\/de\/wp-json\/wp\/v2\/types\/product"}],"replies":[{"embeddable":true,"href":"https:\/\/stoic-curie.212-227-153-4.plesk.page\/de\/wp-json\/wp\/v2\/comments?post=3400252"}],"version-history":[{"count":0,"href":"https:\/\/stoic-curie.212-227-153-4.plesk.page\/de\/wp-json\/wp\/v2\/product\/3400252\/revisions"}],"wp:featuredmedia":[{"embeddable":true,"href":"https:\/\/stoic-curie.212-227-153-4.plesk.page\/de\/wp-json\/wp\/v2\/media\/5938048"}],"wp:attachment":[{"href":"https:\/\/stoic-curie.212-227-153-4.plesk.page\/de\/wp-json\/wp\/v2\/media?parent=3400252"}],"wp:term":[{"taxonomy":"product_brand","embeddable":true,"href":"https:\/\/stoic-curie.212-227-153-4.plesk.page\/de\/wp-json\/wp\/v2\/product_brand?post=3400252"},{"taxonomy":"product_cat","embeddable":true,"href":"https:\/\/stoic-curie.212-227-153-4.plesk.page\/de\/wp-json\/wp\/v2\/product_cat?post=3400252"},{"taxonomy":"product_tag","embeddable":true,"href":"https:\/\/stoic-curie.212-227-153-4.plesk.page\/de\/wp-json\/wp\/v2\/product_tag?post=3400252"}],"curies":[{"name":"wp","href":"https:\/\/api.w.org\/{rel}","templated":true}]}}