{"id":3400409,"date":"2025-10-09T22:37:54","date_gmt":"2025-10-10T02:37:54","guid":{"rendered":"https:\/\/stoic-curie.212-227-153-4.plesk.page\/product\/edelstahl-scharnier-60x37x2mm\/"},"modified":"2026-02-24T23:34:46","modified_gmt":"2026-02-24T23:34:46","slug":"edelstahl-scharnier-60x37x2mm","status":"publish","type":"product","link":"https:\/\/stoic-curie.212-227-153-4.plesk.page\/de\/product\/edelstahl-scharnier-60x37x2mm\/","title":{"rendered":"Edelstahl-Scharnier 60x37x2mm"},"content":{"rendered":"<p>Edelstahl-Scharnier 60x37x2mm &#8211; <\/p>\n<p>Spiegelpolierte Edelstahl mittelgro\u00dfe Scharnier f\u00fcr Schr\u00e4nke mit abgeschr\u00e4gten Ecken.<\/p>\n","protected":false},"excerpt":{"rendered":"<p>Edelstahl-Scharnier 60x37x2mm &#8211; Spiegelpolierte Edelstahl mittelgro\u00dfe Scharnier f\u00fcr Schr\u00e4nke mit abgeschr\u00e4gten Ecken.<\/p>\n","protected":false},"featured_media":5938104,"comment_status":"closed","ping_status":"closed","template":"","meta":[],"product_brand":[3120],"product_cat":[1424],"product_tag":[],"class_list":{"0":"post-3400409","1":"product","2":"type-product","3":"status-publish","4":"has-post-thumbnail","6":"product_brand-marinetech-de","7":"product_cat-scharniere","9":"first","10":"instock","11":"shipping-taxable","12":"purchasable","13":"product-type-simple"},"_links":{"self":[{"href":"https:\/\/stoic-curie.212-227-153-4.plesk.page\/de\/wp-json\/wp\/v2\/product\/3400409","targetHints":{"allow":["GET"]}}],"collection":[{"href":"https:\/\/stoic-curie.212-227-153-4.plesk.page\/de\/wp-json\/wp\/v2\/product"}],"about":[{"href":"https:\/\/stoic-curie.212-227-153-4.plesk.page\/de\/wp-json\/wp\/v2\/types\/product"}],"replies":[{"embeddable":true,"href":"https:\/\/stoic-curie.212-227-153-4.plesk.page\/de\/wp-json\/wp\/v2\/comments?post=3400409"}],"version-history":[{"count":0,"href":"https:\/\/stoic-curie.212-227-153-4.plesk.page\/de\/wp-json\/wp\/v2\/product\/3400409\/revisions"}],"wp:featuredmedia":[{"embeddable":true,"href":"https:\/\/stoic-curie.212-227-153-4.plesk.page\/de\/wp-json\/wp\/v2\/media\/5938104"}],"wp:attachment":[{"href":"https:\/\/stoic-curie.212-227-153-4.plesk.page\/de\/wp-json\/wp\/v2\/media?parent=3400409"}],"wp:term":[{"taxonomy":"product_brand","embeddable":true,"href":"https:\/\/stoic-curie.212-227-153-4.plesk.page\/de\/wp-json\/wp\/v2\/product_brand?post=3400409"},{"taxonomy":"product_cat","embeddable":true,"href":"https:\/\/stoic-curie.212-227-153-4.plesk.page\/de\/wp-json\/wp\/v2\/product_cat?post=3400409"},{"taxonomy":"product_tag","embeddable":true,"href":"https:\/\/stoic-curie.212-227-153-4.plesk.page\/de\/wp-json\/wp\/v2\/product_tag?post=3400409"}],"curies":[{"name":"wp","href":"https:\/\/api.w.org\/{rel}","templated":true}]}}