{"id":3400465,"date":"2025-10-09T22:37:56","date_gmt":"2025-10-10T02:37:56","guid":{"rendered":"https:\/\/stoic-curie.212-227-153-4.plesk.page\/product\/edelstahl-faltgelenk-rechts-55-x-19mm-h7mm\/"},"modified":"2026-02-24T23:34:46","modified_gmt":"2026-02-24T23:34:46","slug":"edelstahl-faltgelenk-rechts-55-x-19mm-h7mm","status":"publish","type":"product","link":"https:\/\/stoic-curie.212-227-153-4.plesk.page\/de\/product\/edelstahl-faltgelenk-rechts-55-x-19mm-h7mm\/","title":{"rendered":"Edelstahl-Faltgelenk Rechts 55 x 19mm H7mm"},"content":{"rendered":"<p>Edelstahl-Faltgelenk Rechts 55 x 19mm H7mm &#8211; <\/p>\n<p>Spiegelpolierte Edelstahl-Hebescharniere mit 2 Ebenen. Erm\u00f6glichen Sie ein vollst\u00e4ndiges \u00d6ffnen von T\u00fcren und Klappen um 180\u00c2\u00b0.<\/p>\n","protected":false},"excerpt":{"rendered":"<p>Edelstahl-Faltgelenk Rechts 55 x 19mm H7mm &#8211; Spiegelpolierte Edelstahl-Hebescharniere mit 2 Ebenen. Erm\u00f6glichen Sie ein vollst\u00e4ndiges \u00d6ffnen von T\u00fcren und<\/p>\n","protected":false},"featured_media":5938125,"comment_status":"closed","ping_status":"closed","template":"","meta":[],"product_brand":[3120],"product_cat":[1424],"product_tag":[],"class_list":{"0":"post-3400465","1":"product","2":"type-product","3":"status-publish","4":"has-post-thumbnail","6":"product_brand-marinetech-de","7":"product_cat-scharniere","9":"first","10":"instock","11":"shipping-taxable","12":"purchasable","13":"product-type-simple"},"_links":{"self":[{"href":"https:\/\/stoic-curie.212-227-153-4.plesk.page\/de\/wp-json\/wp\/v2\/product\/3400465","targetHints":{"allow":["GET"]}}],"collection":[{"href":"https:\/\/stoic-curie.212-227-153-4.plesk.page\/de\/wp-json\/wp\/v2\/product"}],"about":[{"href":"https:\/\/stoic-curie.212-227-153-4.plesk.page\/de\/wp-json\/wp\/v2\/types\/product"}],"replies":[{"embeddable":true,"href":"https:\/\/stoic-curie.212-227-153-4.plesk.page\/de\/wp-json\/wp\/v2\/comments?post=3400465"}],"version-history":[{"count":0,"href":"https:\/\/stoic-curie.212-227-153-4.plesk.page\/de\/wp-json\/wp\/v2\/product\/3400465\/revisions"}],"wp:featuredmedia":[{"embeddable":true,"href":"https:\/\/stoic-curie.212-227-153-4.plesk.page\/de\/wp-json\/wp\/v2\/media\/5938125"}],"wp:attachment":[{"href":"https:\/\/stoic-curie.212-227-153-4.plesk.page\/de\/wp-json\/wp\/v2\/media?parent=3400465"}],"wp:term":[{"taxonomy":"product_brand","embeddable":true,"href":"https:\/\/stoic-curie.212-227-153-4.plesk.page\/de\/wp-json\/wp\/v2\/product_brand?post=3400465"},{"taxonomy":"product_cat","embeddable":true,"href":"https:\/\/stoic-curie.212-227-153-4.plesk.page\/de\/wp-json\/wp\/v2\/product_cat?post=3400465"},{"taxonomy":"product_tag","embeddable":true,"href":"https:\/\/stoic-curie.212-227-153-4.plesk.page\/de\/wp-json\/wp\/v2\/product_tag?post=3400465"}],"curies":[{"name":"wp","href":"https:\/\/api.w.org\/{rel}","templated":true}]}}