{"id":3400475,"date":"2025-10-09T22:37:57","date_gmt":"2025-10-10T02:37:57","guid":{"rendered":"https:\/\/stoic-curie.212-227-153-4.plesk.page\/product\/eco-einsteigleitern-kunststoff-4-stufen\/"},"modified":"2026-02-24T23:34:46","modified_gmt":"2026-02-24T23:34:46","slug":"eco-einsteigleitern-kunststoff-4-stufen","status":"publish","type":"product","link":"https:\/\/stoic-curie.212-227-153-4.plesk.page\/de\/product\/eco-einsteigleitern-kunststoff-4-stufen\/","title":{"rendered":"Eco Einsteigleitern Kunststoff 4 Stufen"},"content":{"rendered":"<p>Eco Einsteigleitern Kunststoff 4 Stufen &#8211; <\/p>\n<p>Seilseilstruktur und verst\u00e4rkte ABS-Stufen f\u00fcr Steigger\u00fcste. H: H\u00f6he der ausgefahrenen Stufen \/ Gesamth\u00f6he einschlie\u00dflich Seil. Stufenbreite 31 cm.<\/p>\n","protected":false},"excerpt":{"rendered":"<p>Eco Einsteigleitern Kunststoff 4 Stufen &#8211; Seilseilstruktur und verst\u00e4rkte ABS-Stufen f\u00fcr Steigger\u00fcste. H: H\u00f6he der ausgefahrenen Stufen \/ Gesamth\u00f6he einschlie\u00dflich<\/p>\n","protected":false},"featured_media":5938130,"comment_status":"closed","ping_status":"closed","template":"","meta":[],"product_brand":[3490],"product_cat":[1331],"product_tag":[],"class_list":{"0":"post-3400475","1":"product","2":"type-product","3":"status-publish","4":"has-post-thumbnail","6":"product_brand-trem-de","7":"product_cat-bootsleitern","9":"first","10":"instock","11":"shipping-taxable","12":"purchasable","13":"product-type-simple"},"_links":{"self":[{"href":"https:\/\/stoic-curie.212-227-153-4.plesk.page\/de\/wp-json\/wp\/v2\/product\/3400475","targetHints":{"allow":["GET"]}}],"collection":[{"href":"https:\/\/stoic-curie.212-227-153-4.plesk.page\/de\/wp-json\/wp\/v2\/product"}],"about":[{"href":"https:\/\/stoic-curie.212-227-153-4.plesk.page\/de\/wp-json\/wp\/v2\/types\/product"}],"replies":[{"embeddable":true,"href":"https:\/\/stoic-curie.212-227-153-4.plesk.page\/de\/wp-json\/wp\/v2\/comments?post=3400475"}],"version-history":[{"count":0,"href":"https:\/\/stoic-curie.212-227-153-4.plesk.page\/de\/wp-json\/wp\/v2\/product\/3400475\/revisions"}],"wp:featuredmedia":[{"embeddable":true,"href":"https:\/\/stoic-curie.212-227-153-4.plesk.page\/de\/wp-json\/wp\/v2\/media\/5938130"}],"wp:attachment":[{"href":"https:\/\/stoic-curie.212-227-153-4.plesk.page\/de\/wp-json\/wp\/v2\/media?parent=3400475"}],"wp:term":[{"taxonomy":"product_brand","embeddable":true,"href":"https:\/\/stoic-curie.212-227-153-4.plesk.page\/de\/wp-json\/wp\/v2\/product_brand?post=3400475"},{"taxonomy":"product_cat","embeddable":true,"href":"https:\/\/stoic-curie.212-227-153-4.plesk.page\/de\/wp-json\/wp\/v2\/product_cat?post=3400475"},{"taxonomy":"product_tag","embeddable":true,"href":"https:\/\/stoic-curie.212-227-153-4.plesk.page\/de\/wp-json\/wp\/v2\/product_tag?post=3400475"}],"curies":[{"name":"wp","href":"https:\/\/api.w.org\/{rel}","templated":true}]}}