{"id":3400507,"date":"2025-10-09T22:37:58","date_gmt":"2025-10-10T02:37:58","guid":{"rendered":"https:\/\/stoic-curie.212-227-153-4.plesk.page\/product\/klappbare-trittstufe-weiss-maststufe\/"},"modified":"2026-02-24T23:34:46","modified_gmt":"2026-02-24T23:34:46","slug":"klappbare-trittstufe-weiss-maststufe","status":"publish","type":"product","link":"https:\/\/stoic-curie.212-227-153-4.plesk.page\/de\/product\/klappbare-trittstufe-weiss-maststufe\/","title":{"rendered":"Klappbare Trittstufe Wei\u00df &#8220;Maststufe&#8221;"},"content":{"rendered":"<p>Klappbare Trittstufe Wei\u00df &#8220;Maststufe&#8221; &#8211; <\/p>\n<p>Extrem leichtes und widerstandsf\u00e4higes Faltmastst\u00fcck aus Nylon\/Glasfaser. UV-best\u00e4ndig, amagnetisch und aerodynamisch. Maximalbelastung 140 kg.<\/p>\n","protected":false},"excerpt":{"rendered":"<p>Klappbare Trittstufe Wei\u00df &#8220;Maststufe&#8221; &#8211; Extrem leichtes und widerstandsf\u00e4higes Faltmastst\u00fcck aus Nylon\/Glasfaser. UV-best\u00e4ndig, amagnetisch und aerodynamisch. Maximalbelastung 140 kg.<\/p>\n","protected":false},"featured_media":5938166,"comment_status":"closed","ping_status":"closed","template":"","meta":[],"product_brand":[2875],"product_cat":[1484],"product_tag":[],"class_list":{"0":"post-3400507","1":"product","2":"type-product","3":"status-publish","4":"has-post-thumbnail","6":"product_brand-davis-de","7":"product_cat-zubehoer-fuer-segelboote","9":"first","10":"instock","11":"shipping-taxable","12":"purchasable","13":"product-type-simple"},"_links":{"self":[{"href":"https:\/\/stoic-curie.212-227-153-4.plesk.page\/de\/wp-json\/wp\/v2\/product\/3400507","targetHints":{"allow":["GET"]}}],"collection":[{"href":"https:\/\/stoic-curie.212-227-153-4.plesk.page\/de\/wp-json\/wp\/v2\/product"}],"about":[{"href":"https:\/\/stoic-curie.212-227-153-4.plesk.page\/de\/wp-json\/wp\/v2\/types\/product"}],"replies":[{"embeddable":true,"href":"https:\/\/stoic-curie.212-227-153-4.plesk.page\/de\/wp-json\/wp\/v2\/comments?post=3400507"}],"version-history":[{"count":0,"href":"https:\/\/stoic-curie.212-227-153-4.plesk.page\/de\/wp-json\/wp\/v2\/product\/3400507\/revisions"}],"wp:featuredmedia":[{"embeddable":true,"href":"https:\/\/stoic-curie.212-227-153-4.plesk.page\/de\/wp-json\/wp\/v2\/media\/5938166"}],"wp:attachment":[{"href":"https:\/\/stoic-curie.212-227-153-4.plesk.page\/de\/wp-json\/wp\/v2\/media?parent=3400507"}],"wp:term":[{"taxonomy":"product_brand","embeddable":true,"href":"https:\/\/stoic-curie.212-227-153-4.plesk.page\/de\/wp-json\/wp\/v2\/product_brand?post=3400507"},{"taxonomy":"product_cat","embeddable":true,"href":"https:\/\/stoic-curie.212-227-153-4.plesk.page\/de\/wp-json\/wp\/v2\/product_cat?post=3400507"},{"taxonomy":"product_tag","embeddable":true,"href":"https:\/\/stoic-curie.212-227-153-4.plesk.page\/de\/wp-json\/wp\/v2\/product_tag?post=3400507"}],"curies":[{"name":"wp","href":"https:\/\/api.w.org\/{rel}","templated":true}]}}