{"id":3400540,"date":"2025-10-09T22:37:59","date_gmt":"2025-10-10T02:37:59","guid":{"rendered":"https:\/\/stoic-curie.212-227-153-4.plesk.page\/product\/aussenborderhalterung-fuer-schienenmontage-max-10-ps-kunststoffpolster\/"},"modified":"2026-02-24T23:34:46","modified_gmt":"2026-02-24T23:34:46","slug":"aussenborderhalterung-fuer-schienenmontage-max-10-ps-kunststoffpolster","status":"publish","type":"product","link":"https:\/\/stoic-curie.212-227-153-4.plesk.page\/de\/product\/aussenborderhalterung-fuer-schienenmontage-max-10-ps-kunststoffpolster\/","title":{"rendered":"Au\u00dfenborderhalterung f\u00fcr Schienenmontage max. 10 PS Kunststoffpolster"},"content":{"rendered":"<p>Au\u00dfenborderhalterung f\u00fcr Schienenmontage max. 10 PS Kunststoffpolster &#8211; <\/p>\n<p>Verst\u00e4rkter Kunststoff-Pad-Schienenmontagehalter f\u00fcr kleine Au\u00dfenbordmotoren. Edelstahlrohrhalterung und Schrauben. Pad-Dimensionen: 195 x H215 mm. Netzh\u00f6he der Rohrhalterung: 260 mm.<\/p>\n","protected":false},"excerpt":{"rendered":"<p>Au\u00dfenborderhalterung f\u00fcr Schienenmontage max. 10 PS Kunststoffpolster &#8211; Verst\u00e4rkter Kunststoff-Pad-Schienenmontagehalter f\u00fcr kleine Au\u00dfenbordmotoren. Edelstahlrohrhalterung und Schrauben. Pad-Dimensionen: 195 x H215<\/p>\n","protected":false},"featured_media":5938227,"comment_status":"closed","ping_status":"closed","template":"","meta":[],"product_brand":[3490],"product_cat":[1553,1540],"product_tag":[],"class_list":{"0":"post-3400540","1":"product","2":"type-product","3":"status-publish","4":"has-post-thumbnail","6":"product_brand-trem-de","7":"product_cat-davits-schlauchboote-und-zubehoer","8":"product_cat-zubehoer-fuer-aussenborder","10":"first","11":"instock","12":"shipping-taxable","13":"purchasable","14":"product-type-simple"},"_links":{"self":[{"href":"https:\/\/stoic-curie.212-227-153-4.plesk.page\/de\/wp-json\/wp\/v2\/product\/3400540","targetHints":{"allow":["GET"]}}],"collection":[{"href":"https:\/\/stoic-curie.212-227-153-4.plesk.page\/de\/wp-json\/wp\/v2\/product"}],"about":[{"href":"https:\/\/stoic-curie.212-227-153-4.plesk.page\/de\/wp-json\/wp\/v2\/types\/product"}],"replies":[{"embeddable":true,"href":"https:\/\/stoic-curie.212-227-153-4.plesk.page\/de\/wp-json\/wp\/v2\/comments?post=3400540"}],"version-history":[{"count":0,"href":"https:\/\/stoic-curie.212-227-153-4.plesk.page\/de\/wp-json\/wp\/v2\/product\/3400540\/revisions"}],"wp:featuredmedia":[{"embeddable":true,"href":"https:\/\/stoic-curie.212-227-153-4.plesk.page\/de\/wp-json\/wp\/v2\/media\/5938227"}],"wp:attachment":[{"href":"https:\/\/stoic-curie.212-227-153-4.plesk.page\/de\/wp-json\/wp\/v2\/media?parent=3400540"}],"wp:term":[{"taxonomy":"product_brand","embeddable":true,"href":"https:\/\/stoic-curie.212-227-153-4.plesk.page\/de\/wp-json\/wp\/v2\/product_brand?post=3400540"},{"taxonomy":"product_cat","embeddable":true,"href":"https:\/\/stoic-curie.212-227-153-4.plesk.page\/de\/wp-json\/wp\/v2\/product_cat?post=3400540"},{"taxonomy":"product_tag","embeddable":true,"href":"https:\/\/stoic-curie.212-227-153-4.plesk.page\/de\/wp-json\/wp\/v2\/product_tag?post=3400540"}],"curies":[{"name":"wp","href":"https:\/\/api.w.org\/{rel}","templated":true}]}}