{"id":3400821,"date":"2025-10-09T22:38:09","date_gmt":"2025-10-10T02:38:09","guid":{"rendered":"https:\/\/stoic-curie.212-227-153-4.plesk.page\/product\/eco-klemm-ruderlager-d35mm-fuer-ruderdollen-schwarz\/"},"modified":"2026-02-24T23:34:46","modified_gmt":"2026-02-24T23:34:46","slug":"eco-klemm-ruderlager-d35mm-fuer-ruderdollen-schwarz","status":"publish","type":"product","link":"https:\/\/stoic-curie.212-227-153-4.plesk.page\/de\/product\/eco-klemm-ruderlager-d35mm-fuer-ruderdollen-schwarz\/","title":{"rendered":"Eco Klemm-Ruderlager D35mm f\u00fcr Ruderdollen Schwarz"},"content":{"rendered":"<p>Eco Klemm-Ruderlager D35mm f\u00fcr Ruderdollen Schwarz &#8211; <\/p>\n<p>Plastik-Pin-Klemmen f\u00fcr Riemenhalter, passend f\u00fcr Steuerbl\u00f6cke.<\/p>\n","protected":false},"excerpt":{"rendered":"<p>Eco Klemm-Ruderlager D35mm f\u00fcr Ruderdollen Schwarz &#8211; Plastik-Pin-Klemmen f\u00fcr Riemenhalter, passend f\u00fcr Steuerbl\u00f6cke.<\/p>\n","protected":false},"featured_media":5938305,"comment_status":"closed","ping_status":"closed","template":"","meta":[],"product_brand":[3490],"product_cat":[1549,1552],"product_tag":[],"class_list":{"0":"post-3400821","1":"product","2":"type-product","3":"status-publish","4":"has-post-thumbnail","6":"product_brand-trem-de","7":"product_cat-ruder-und-paddel","8":"product_cat-zubehoer-fuer-schlauchboote","10":"first","11":"instock","12":"shipping-taxable","13":"purchasable","14":"product-type-simple"},"_links":{"self":[{"href":"https:\/\/stoic-curie.212-227-153-4.plesk.page\/de\/wp-json\/wp\/v2\/product\/3400821","targetHints":{"allow":["GET"]}}],"collection":[{"href":"https:\/\/stoic-curie.212-227-153-4.plesk.page\/de\/wp-json\/wp\/v2\/product"}],"about":[{"href":"https:\/\/stoic-curie.212-227-153-4.plesk.page\/de\/wp-json\/wp\/v2\/types\/product"}],"replies":[{"embeddable":true,"href":"https:\/\/stoic-curie.212-227-153-4.plesk.page\/de\/wp-json\/wp\/v2\/comments?post=3400821"}],"version-history":[{"count":0,"href":"https:\/\/stoic-curie.212-227-153-4.plesk.page\/de\/wp-json\/wp\/v2\/product\/3400821\/revisions"}],"wp:featuredmedia":[{"embeddable":true,"href":"https:\/\/stoic-curie.212-227-153-4.plesk.page\/de\/wp-json\/wp\/v2\/media\/5938305"}],"wp:attachment":[{"href":"https:\/\/stoic-curie.212-227-153-4.plesk.page\/de\/wp-json\/wp\/v2\/media?parent=3400821"}],"wp:term":[{"taxonomy":"product_brand","embeddable":true,"href":"https:\/\/stoic-curie.212-227-153-4.plesk.page\/de\/wp-json\/wp\/v2\/product_brand?post=3400821"},{"taxonomy":"product_cat","embeddable":true,"href":"https:\/\/stoic-curie.212-227-153-4.plesk.page\/de\/wp-json\/wp\/v2\/product_cat?post=3400821"},{"taxonomy":"product_tag","embeddable":true,"href":"https:\/\/stoic-curie.212-227-153-4.plesk.page\/de\/wp-json\/wp\/v2\/product_tag?post=3400821"}],"curies":[{"name":"wp","href":"https:\/\/api.w.org\/{rel}","templated":true}]}}