{"id":3400822,"date":"2025-10-09T22:38:09","date_gmt":"2025-10-10T02:38:09","guid":{"rendered":"https:\/\/stoic-curie.212-227-153-4.plesk.page\/product\/ruderdollenfassung-d17mm-seitlich-montiert\/"},"modified":"2026-02-24T23:34:46","modified_gmt":"2026-02-24T23:34:46","slug":"ruderdollenfassung-d17mm-seitlich-montiert","status":"publish","type":"product","link":"https:\/\/stoic-curie.212-227-153-4.plesk.page\/de\/product\/ruderdollenfassung-d17mm-seitlich-montiert\/","title":{"rendered":"Ruderdollenfassung D17mm seitlich montiert"},"content":{"rendered":"<p>Ruderdollenfassung D17mm seitlich montiert &#8211; <\/p>\n<p>Verst\u00e4rkte Kunststoff-Ruderbl\u00f6cke. \u00d8 17 mm Montage.<\/p>\n","protected":false},"excerpt":{"rendered":"<p>Ruderdollenfassung D17mm seitlich montiert &#8211; Verst\u00e4rkte Kunststoff-Ruderbl\u00f6cke. \u00d8 17 mm Montage.<\/p>\n","protected":false},"featured_media":5936509,"comment_status":"closed","ping_status":"closed","template":"","meta":[],"product_brand":[3060],"product_cat":[1549],"product_tag":[],"class_list":{"0":"post-3400822","1":"product","2":"type-product","3":"status-publish","4":"has-post-thumbnail","6":"product_brand-lahna-de","7":"product_cat-ruder-und-paddel","9":"first","10":"instock","11":"shipping-taxable","12":"purchasable","13":"product-type-simple"},"_links":{"self":[{"href":"https:\/\/stoic-curie.212-227-153-4.plesk.page\/de\/wp-json\/wp\/v2\/product\/3400822","targetHints":{"allow":["GET"]}}],"collection":[{"href":"https:\/\/stoic-curie.212-227-153-4.plesk.page\/de\/wp-json\/wp\/v2\/product"}],"about":[{"href":"https:\/\/stoic-curie.212-227-153-4.plesk.page\/de\/wp-json\/wp\/v2\/types\/product"}],"replies":[{"embeddable":true,"href":"https:\/\/stoic-curie.212-227-153-4.plesk.page\/de\/wp-json\/wp\/v2\/comments?post=3400822"}],"version-history":[{"count":0,"href":"https:\/\/stoic-curie.212-227-153-4.plesk.page\/de\/wp-json\/wp\/v2\/product\/3400822\/revisions"}],"wp:featuredmedia":[{"embeddable":true,"href":"https:\/\/stoic-curie.212-227-153-4.plesk.page\/de\/wp-json\/wp\/v2\/media\/5936509"}],"wp:attachment":[{"href":"https:\/\/stoic-curie.212-227-153-4.plesk.page\/de\/wp-json\/wp\/v2\/media?parent=3400822"}],"wp:term":[{"taxonomy":"product_brand","embeddable":true,"href":"https:\/\/stoic-curie.212-227-153-4.plesk.page\/de\/wp-json\/wp\/v2\/product_brand?post=3400822"},{"taxonomy":"product_cat","embeddable":true,"href":"https:\/\/stoic-curie.212-227-153-4.plesk.page\/de\/wp-json\/wp\/v2\/product_cat?post=3400822"},{"taxonomy":"product_tag","embeddable":true,"href":"https:\/\/stoic-curie.212-227-153-4.plesk.page\/de\/wp-json\/wp\/v2\/product_tag?post=3400822"}],"curies":[{"name":"wp","href":"https:\/\/api.w.org\/{rel}","templated":true}]}}