{"id":3400978,"date":"2025-10-09T22:38:15","date_gmt":"2025-10-10T02:38:15","guid":{"rendered":"https:\/\/stoic-curie.212-227-153-4.plesk.page\/product\/schwarzer-angelrutenhalter-buendig-montiert-h250mm-d40mm\/"},"modified":"2026-02-24T23:34:46","modified_gmt":"2026-02-24T23:34:46","slug":"schwarzer-angelrutenhalter-buendig-montiert-h250mm-d40mm","status":"publish","type":"product","link":"https:\/\/stoic-curie.212-227-153-4.plesk.page\/de\/product\/schwarzer-angelrutenhalter-buendig-montiert-h250mm-d40mm\/","title":{"rendered":"Schwarzer Angelrutenhalter, b\u00fcndig montiert H250mm D40mm"},"content":{"rendered":"<p>Schwarzer Angelrutenhalter, b\u00fcndig montiert H250mm D40mm &#8211; <\/p>\n<p>Flush-Mount-Kunststoffrutenhalter. Schwarze und wei\u00dfe PVC-Kappen k\u00f6nnen f\u00fcr alle Rutenhalter verwendet werden.<\/p>\n","protected":false},"excerpt":{"rendered":"<p>Schwarzer Angelrutenhalter, b\u00fcndig montiert H250mm D40mm &#8211; Flush-Mount-Kunststoffrutenhalter. Schwarze und wei\u00dfe PVC-Kappen k\u00f6nnen f\u00fcr alle Rutenhalter verwendet werden.<\/p>\n","protected":false},"featured_media":5938348,"comment_status":"closed","ping_status":"closed","template":"","meta":[],"product_brand":[3210],"product_cat":[1393,1556],"product_tag":[],"class_list":{"0":"post-3400978","1":"product","2":"type-product","3":"status-publish","4":"has-post-thumbnail","6":"product_brand-nuova-rade-de","7":"product_cat-angelrutenhalter","8":"product_cat-angelzubehoer","10":"first","11":"instock","12":"shipping-taxable","13":"purchasable","14":"product-type-simple"},"_links":{"self":[{"href":"https:\/\/stoic-curie.212-227-153-4.plesk.page\/de\/wp-json\/wp\/v2\/product\/3400978","targetHints":{"allow":["GET"]}}],"collection":[{"href":"https:\/\/stoic-curie.212-227-153-4.plesk.page\/de\/wp-json\/wp\/v2\/product"}],"about":[{"href":"https:\/\/stoic-curie.212-227-153-4.plesk.page\/de\/wp-json\/wp\/v2\/types\/product"}],"replies":[{"embeddable":true,"href":"https:\/\/stoic-curie.212-227-153-4.plesk.page\/de\/wp-json\/wp\/v2\/comments?post=3400978"}],"version-history":[{"count":0,"href":"https:\/\/stoic-curie.212-227-153-4.plesk.page\/de\/wp-json\/wp\/v2\/product\/3400978\/revisions"}],"wp:featuredmedia":[{"embeddable":true,"href":"https:\/\/stoic-curie.212-227-153-4.plesk.page\/de\/wp-json\/wp\/v2\/media\/5938348"}],"wp:attachment":[{"href":"https:\/\/stoic-curie.212-227-153-4.plesk.page\/de\/wp-json\/wp\/v2\/media?parent=3400978"}],"wp:term":[{"taxonomy":"product_brand","embeddable":true,"href":"https:\/\/stoic-curie.212-227-153-4.plesk.page\/de\/wp-json\/wp\/v2\/product_brand?post=3400978"},{"taxonomy":"product_cat","embeddable":true,"href":"https:\/\/stoic-curie.212-227-153-4.plesk.page\/de\/wp-json\/wp\/v2\/product_cat?post=3400978"},{"taxonomy":"product_tag","embeddable":true,"href":"https:\/\/stoic-curie.212-227-153-4.plesk.page\/de\/wp-json\/wp\/v2\/product_tag?post=3400978"}],"curies":[{"name":"wp","href":"https:\/\/api.w.org\/{rel}","templated":true}]}}