{"id":3401009,"date":"2025-10-09T22:38:16","date_gmt":"2025-10-10T02:38:16","guid":{"rendered":"https:\/\/stoic-curie.212-227-153-4.plesk.page\/product\/kunststoff-fahnenmast-300mm\/"},"modified":"2026-02-24T23:34:46","modified_gmt":"2026-02-24T23:34:46","slug":"kunststoff-fahnenmast-300mm","status":"publish","type":"product","link":"https:\/\/stoic-curie.212-227-153-4.plesk.page\/de\/product\/kunststoff-fahnenmast-300mm\/","title":{"rendered":"Kunststoff-Fahnenmast 300mm"},"content":{"rendered":"<p>Kunststoff-Fahnenmast 300mm &#8211; <\/p>\n<p>Kunststoffflaggenmast mit seitlichem und vertikalem Sockel zur Montage auf der Oberfl\u00e4che oder an W\u00e4nden. Optional ist auch ein Saugnapfboden f\u00fcr aufblasbare Objekte erh\u00e4ltlich.<\/p>\n","protected":false},"excerpt":{"rendered":"<p>Kunststoff-Fahnenmast 300mm &#8211; Kunststoffflaggenmast mit seitlichem und vertikalem Sockel zur Montage auf der Oberfl\u00e4che oder an W\u00e4nden. Optional ist auch<\/p>\n","protected":false},"featured_media":5938357,"comment_status":"closed","ping_status":"closed","template":"","meta":[],"product_brand":[3210],"product_cat":[1394],"product_tag":[],"class_list":{"0":"post-3401009","1":"product","2":"type-product","3":"status-publish","4":"has-post-thumbnail","6":"product_brand-nuova-rade-de","7":"product_cat-flaggenstangen","9":"first","10":"instock","11":"shipping-taxable","12":"purchasable","13":"product-type-simple"},"_links":{"self":[{"href":"https:\/\/stoic-curie.212-227-153-4.plesk.page\/de\/wp-json\/wp\/v2\/product\/3401009","targetHints":{"allow":["GET"]}}],"collection":[{"href":"https:\/\/stoic-curie.212-227-153-4.plesk.page\/de\/wp-json\/wp\/v2\/product"}],"about":[{"href":"https:\/\/stoic-curie.212-227-153-4.plesk.page\/de\/wp-json\/wp\/v2\/types\/product"}],"replies":[{"embeddable":true,"href":"https:\/\/stoic-curie.212-227-153-4.plesk.page\/de\/wp-json\/wp\/v2\/comments?post=3401009"}],"version-history":[{"count":0,"href":"https:\/\/stoic-curie.212-227-153-4.plesk.page\/de\/wp-json\/wp\/v2\/product\/3401009\/revisions"}],"wp:featuredmedia":[{"embeddable":true,"href":"https:\/\/stoic-curie.212-227-153-4.plesk.page\/de\/wp-json\/wp\/v2\/media\/5938357"}],"wp:attachment":[{"href":"https:\/\/stoic-curie.212-227-153-4.plesk.page\/de\/wp-json\/wp\/v2\/media?parent=3401009"}],"wp:term":[{"taxonomy":"product_brand","embeddable":true,"href":"https:\/\/stoic-curie.212-227-153-4.plesk.page\/de\/wp-json\/wp\/v2\/product_brand?post=3401009"},{"taxonomy":"product_cat","embeddable":true,"href":"https:\/\/stoic-curie.212-227-153-4.plesk.page\/de\/wp-json\/wp\/v2\/product_cat?post=3401009"},{"taxonomy":"product_tag","embeddable":true,"href":"https:\/\/stoic-curie.212-227-153-4.plesk.page\/de\/wp-json\/wp\/v2\/product_tag?post=3401009"}],"curies":[{"name":"wp","href":"https:\/\/api.w.org\/{rel}","templated":true}]}}