{"id":3401119,"date":"2025-10-09T22:38:20","date_gmt":"2025-10-10T02:38:20","guid":{"rendered":"https:\/\/stoic-curie.212-227-153-4.plesk.page\/product\/flachprofil-eloxierte-aluminium-klampen-220-x-43-mm\/"},"modified":"2026-02-24T23:34:46","modified_gmt":"2026-02-24T23:34:46","slug":"flachprofil-eloxierte-aluminium-klampen-220-x-43-mm","status":"publish","type":"product","link":"https:\/\/stoic-curie.212-227-153-4.plesk.page\/de\/product\/flachprofil-eloxierte-aluminium-klampen-220-x-43-mm\/","title":{"rendered":"Flachprofil Eloxierte Aluminium-Klampen 220 x 43 mm"},"content":{"rendered":"<p>Flachprofil Eloxierte Aluminium-Klampen 220 x 43 mm &#8211; <\/p>\n<p>Niedrigprofiliertes, flaches, ambossf\u00f6rmiges Cleat aus anodisiertem Aluminium. 2 Durchgangsmontagel\u00f6cher, schmaler Sockel. Es kann in engen R\u00e4umen montiert werden.<\/p>\n","protected":false},"excerpt":{"rendered":"<p>Flachprofil Eloxierte Aluminium-Klampen 220 x 43 mm &#8211; Niedrigprofiliertes, flaches, ambossf\u00f6rmiges Cleat aus anodisiertem Aluminium. 2 Durchgangsmontagel\u00f6cher, schmaler Sockel. Es<\/p>\n","protected":false},"featured_media":5938394,"comment_status":"closed","ping_status":"closed","template":"","meta":[],"product_brand":[3205],"product_cat":[1417],"product_tag":[],"class_list":{"0":"post-3401119","1":"product","2":"type-product","3":"status-publish","4":"has-post-thumbnail","6":"product_brand-nova-argonautica-de","7":"product_cat-deckklampen","9":"first","10":"instock","11":"shipping-taxable","12":"purchasable","13":"product-type-simple"},"_links":{"self":[{"href":"https:\/\/stoic-curie.212-227-153-4.plesk.page\/de\/wp-json\/wp\/v2\/product\/3401119","targetHints":{"allow":["GET"]}}],"collection":[{"href":"https:\/\/stoic-curie.212-227-153-4.plesk.page\/de\/wp-json\/wp\/v2\/product"}],"about":[{"href":"https:\/\/stoic-curie.212-227-153-4.plesk.page\/de\/wp-json\/wp\/v2\/types\/product"}],"replies":[{"embeddable":true,"href":"https:\/\/stoic-curie.212-227-153-4.plesk.page\/de\/wp-json\/wp\/v2\/comments?post=3401119"}],"version-history":[{"count":0,"href":"https:\/\/stoic-curie.212-227-153-4.plesk.page\/de\/wp-json\/wp\/v2\/product\/3401119\/revisions"}],"wp:featuredmedia":[{"embeddable":true,"href":"https:\/\/stoic-curie.212-227-153-4.plesk.page\/de\/wp-json\/wp\/v2\/media\/5938394"}],"wp:attachment":[{"href":"https:\/\/stoic-curie.212-227-153-4.plesk.page\/de\/wp-json\/wp\/v2\/media?parent=3401119"}],"wp:term":[{"taxonomy":"product_brand","embeddable":true,"href":"https:\/\/stoic-curie.212-227-153-4.plesk.page\/de\/wp-json\/wp\/v2\/product_brand?post=3401119"},{"taxonomy":"product_cat","embeddable":true,"href":"https:\/\/stoic-curie.212-227-153-4.plesk.page\/de\/wp-json\/wp\/v2\/product_cat?post=3401119"},{"taxonomy":"product_tag","embeddable":true,"href":"https:\/\/stoic-curie.212-227-153-4.plesk.page\/de\/wp-json\/wp\/v2\/product_tag?post=3401119"}],"curies":[{"name":"wp","href":"https:\/\/api.w.org\/{rel}","templated":true}]}}