{"id":3401187,"date":"2025-10-09T22:38:22","date_gmt":"2025-10-10T02:38:22","guid":{"rendered":"https:\/\/stoic-curie.212-227-153-4.plesk.page\/product\/deckklampe-modell-duene-250mm-edelstahl\/"},"modified":"2026-02-24T23:34:46","modified_gmt":"2026-02-24T23:34:46","slug":"deckklampe-modell-duene-250mm-edelstahl","status":"publish","type":"product","link":"https:\/\/stoic-curie.212-227-153-4.plesk.page\/de\/product\/deckklampe-modell-duene-250mm-edelstahl\/","title":{"rendered":"Deckklampe Modell D\u00fcne 250mm Edelstahl"},"content":{"rendered":"<p>Deckklampe Modell D\u00fcne 250mm Edelstahl &#8211; <\/p>\n<p>316 Edelstahl flach ambossf\u00f6rmiger spiegelpolierter Cleat. 2 verborgene metrische Bolzenl\u00f6cher im hohlen Sockel.<\/p>\n","protected":false},"excerpt":{"rendered":"<p>Deckklampe Modell D\u00fcne 250mm Edelstahl &#8211; 316 Edelstahl flach ambossf\u00f6rmiger spiegelpolierter Cleat. 2 verborgene metrische Bolzenl\u00f6cher im hohlen Sockel.<\/p>\n","protected":false},"featured_media":5938398,"comment_status":"closed","ping_status":"closed","template":"","meta":[],"product_brand":[3120],"product_cat":[1417],"product_tag":[],"class_list":{"0":"post-3401187","1":"product","2":"type-product","3":"status-publish","4":"has-post-thumbnail","6":"product_brand-marinetech-de","7":"product_cat-deckklampen","9":"first","10":"instock","11":"shipping-taxable","12":"purchasable","13":"product-type-simple"},"_links":{"self":[{"href":"https:\/\/stoic-curie.212-227-153-4.plesk.page\/de\/wp-json\/wp\/v2\/product\/3401187","targetHints":{"allow":["GET"]}}],"collection":[{"href":"https:\/\/stoic-curie.212-227-153-4.plesk.page\/de\/wp-json\/wp\/v2\/product"}],"about":[{"href":"https:\/\/stoic-curie.212-227-153-4.plesk.page\/de\/wp-json\/wp\/v2\/types\/product"}],"replies":[{"embeddable":true,"href":"https:\/\/stoic-curie.212-227-153-4.plesk.page\/de\/wp-json\/wp\/v2\/comments?post=3401187"}],"version-history":[{"count":0,"href":"https:\/\/stoic-curie.212-227-153-4.plesk.page\/de\/wp-json\/wp\/v2\/product\/3401187\/revisions"}],"wp:featuredmedia":[{"embeddable":true,"href":"https:\/\/stoic-curie.212-227-153-4.plesk.page\/de\/wp-json\/wp\/v2\/media\/5938398"}],"wp:attachment":[{"href":"https:\/\/stoic-curie.212-227-153-4.plesk.page\/de\/wp-json\/wp\/v2\/media?parent=3401187"}],"wp:term":[{"taxonomy":"product_brand","embeddable":true,"href":"https:\/\/stoic-curie.212-227-153-4.plesk.page\/de\/wp-json\/wp\/v2\/product_brand?post=3401187"},{"taxonomy":"product_cat","embeddable":true,"href":"https:\/\/stoic-curie.212-227-153-4.plesk.page\/de\/wp-json\/wp\/v2\/product_cat?post=3401187"},{"taxonomy":"product_tag","embeddable":true,"href":"https:\/\/stoic-curie.212-227-153-4.plesk.page\/de\/wp-json\/wp\/v2\/product_tag?post=3401187"}],"curies":[{"name":"wp","href":"https:\/\/api.w.org\/{rel}","templated":true}]}}