{"id":3401262,"date":"2025-10-09T22:38:25","date_gmt":"2025-10-10T02:38:25","guid":{"rendered":"https:\/\/stoic-curie.212-227-153-4.plesk.page\/product\/kettenstopper-aus-edelstahl-kette-8-10mm\/"},"modified":"2026-02-24T23:34:46","modified_gmt":"2026-02-24T23:34:46","slug":"kettenstopper-aus-edelstahl-kette-8-10mm","status":"publish","type":"product","link":"https:\/\/stoic-curie.212-227-153-4.plesk.page\/de\/product\/kettenstopper-aus-edelstahl-kette-8-10mm\/","title":{"rendered":"Kettenstopper aus Edelstahl (Kette 8-10mm)"},"content":{"rendered":"<p>Kettenstopper aus Edelstahl (Kette 8-10mm) &#8211; <\/p>\n<p>Edelstahl-Kettenstopper, der das Anker und die Kette im Gewicht h\u00e4lt. Er nimmt die Spannung von der Winde ab und verl\u00e4ngert deren Lebensdauer und erm\u00f6glicht auch das Wiegen eines anderen Ankers oder die Verwendung der Winde als Capstan.<\/p>\n","protected":false},"excerpt":{"rendered":"<p>Kettenstopper aus Edelstahl (Kette 8-10mm) &#8211; Edelstahl-Kettenstopper, der das Anker und die Kette im Gewicht h\u00e4lt. Er nimmt die Spannung<\/p>\n","protected":false},"featured_media":5938424,"comment_status":"closed","ping_status":"closed","template":"","meta":[],"product_brand":[3120],"product_cat":[1422,1333,1332],"product_tag":[],"class_list":{"0":"post-3401262","1":"product","2":"type-product","3":"status-publish","4":"has-post-thumbnail","6":"product_brand-marinetech-de","7":"product_cat-bugrollen","8":"product_cat-kalibrierte-edelstahlkette","9":"product_cat-kalibrierte-kette-verzinkt","11":"first","12":"instock","13":"shipping-taxable","14":"purchasable","15":"product-type-simple"},"_links":{"self":[{"href":"https:\/\/stoic-curie.212-227-153-4.plesk.page\/de\/wp-json\/wp\/v2\/product\/3401262","targetHints":{"allow":["GET"]}}],"collection":[{"href":"https:\/\/stoic-curie.212-227-153-4.plesk.page\/de\/wp-json\/wp\/v2\/product"}],"about":[{"href":"https:\/\/stoic-curie.212-227-153-4.plesk.page\/de\/wp-json\/wp\/v2\/types\/product"}],"replies":[{"embeddable":true,"href":"https:\/\/stoic-curie.212-227-153-4.plesk.page\/de\/wp-json\/wp\/v2\/comments?post=3401262"}],"version-history":[{"count":0,"href":"https:\/\/stoic-curie.212-227-153-4.plesk.page\/de\/wp-json\/wp\/v2\/product\/3401262\/revisions"}],"wp:featuredmedia":[{"embeddable":true,"href":"https:\/\/stoic-curie.212-227-153-4.plesk.page\/de\/wp-json\/wp\/v2\/media\/5938424"}],"wp:attachment":[{"href":"https:\/\/stoic-curie.212-227-153-4.plesk.page\/de\/wp-json\/wp\/v2\/media?parent=3401262"}],"wp:term":[{"taxonomy":"product_brand","embeddable":true,"href":"https:\/\/stoic-curie.212-227-153-4.plesk.page\/de\/wp-json\/wp\/v2\/product_brand?post=3401262"},{"taxonomy":"product_cat","embeddable":true,"href":"https:\/\/stoic-curie.212-227-153-4.plesk.page\/de\/wp-json\/wp\/v2\/product_cat?post=3401262"},{"taxonomy":"product_tag","embeddable":true,"href":"https:\/\/stoic-curie.212-227-153-4.plesk.page\/de\/wp-json\/wp\/v2\/product_tag?post=3401262"}],"curies":[{"name":"wp","href":"https:\/\/api.w.org\/{rel}","templated":true}]}}