{"id":3401319,"date":"2025-10-09T22:38:27","date_gmt":"2025-10-10T02:38:27","guid":{"rendered":"https:\/\/stoic-curie.212-227-153-4.plesk.page\/product\/mz-fussschalter-auf-ab-12-24v-edelstahlsockel-schwarz-paar\/"},"modified":"2026-02-24T23:34:46","modified_gmt":"2026-02-24T23:34:46","slug":"mz-fussschalter-auf-ab-12-24v-edelstahlsockel-schwarz-paar","status":"publish","type":"product","link":"https:\/\/stoic-curie.212-227-153-4.plesk.page\/de\/product\/mz-fussschalter-auf-ab-12-24v-edelstahlsockel-schwarz-paar\/","title":{"rendered":"Mz Fu\u00dfschalter Auf-Ab 12\/24V Edelstahlsockel Schwarz Paar"},"content":{"rendered":"<p>Mz Fu\u00dfschalter Auf-Ab 12\/24V Edelstahlsockel Schwarz Paar &#8211; <\/p>\n<p>Paar Up-Down Fu\u00dfschalter mit Edelstahlbasis und verst\u00e4rktem schockfestem Kunststoffdeckel. Wasserdicht, mit salzwasserbest\u00e4ndigem Silikonkautschuk. Durchmesser 70 mm, maximale Last 5A.<\/p>\n","protected":false},"excerpt":{"rendered":"<p>Mz Fu\u00dfschalter Auf-Ab 12\/24V Edelstahlsockel Schwarz Paar &#8211; Paar Up-Down Fu\u00dfschalter mit Edelstahlbasis und verst\u00e4rktem schockfestem Kunststoffdeckel. Wasserdicht, mit salzwasserbest\u00e4ndigem<\/p>\n","protected":false},"featured_media":5938489,"comment_status":"closed","ping_status":"closed","template":"","meta":[],"product_brand":[3160],"product_cat":[1324],"product_tag":[],"class_list":{"0":"post-3401319","1":"product","2":"type-product","3":"status-publish","4":"has-post-thumbnail","6":"product_brand-mz-electronic-de","7":"product_cat-ankerwinden-quick","9":"first","10":"instock","11":"shipping-taxable","12":"purchasable","13":"product-type-simple"},"_links":{"self":[{"href":"https:\/\/stoic-curie.212-227-153-4.plesk.page\/de\/wp-json\/wp\/v2\/product\/3401319","targetHints":{"allow":["GET"]}}],"collection":[{"href":"https:\/\/stoic-curie.212-227-153-4.plesk.page\/de\/wp-json\/wp\/v2\/product"}],"about":[{"href":"https:\/\/stoic-curie.212-227-153-4.plesk.page\/de\/wp-json\/wp\/v2\/types\/product"}],"replies":[{"embeddable":true,"href":"https:\/\/stoic-curie.212-227-153-4.plesk.page\/de\/wp-json\/wp\/v2\/comments?post=3401319"}],"version-history":[{"count":0,"href":"https:\/\/stoic-curie.212-227-153-4.plesk.page\/de\/wp-json\/wp\/v2\/product\/3401319\/revisions"}],"wp:featuredmedia":[{"embeddable":true,"href":"https:\/\/stoic-curie.212-227-153-4.plesk.page\/de\/wp-json\/wp\/v2\/media\/5938489"}],"wp:attachment":[{"href":"https:\/\/stoic-curie.212-227-153-4.plesk.page\/de\/wp-json\/wp\/v2\/media?parent=3401319"}],"wp:term":[{"taxonomy":"product_brand","embeddable":true,"href":"https:\/\/stoic-curie.212-227-153-4.plesk.page\/de\/wp-json\/wp\/v2\/product_brand?post=3401319"},{"taxonomy":"product_cat","embeddable":true,"href":"https:\/\/stoic-curie.212-227-153-4.plesk.page\/de\/wp-json\/wp\/v2\/product_cat?post=3401319"},{"taxonomy":"product_tag","embeddable":true,"href":"https:\/\/stoic-curie.212-227-153-4.plesk.page\/de\/wp-json\/wp\/v2\/product_tag?post=3401319"}],"curies":[{"name":"wp","href":"https:\/\/api.w.org\/{rel}","templated":true}]}}