{"id":3401366,"date":"2025-10-09T22:38:29","date_gmt":"2025-10-10T02:38:29","guid":{"rendered":"https:\/\/stoic-curie.212-227-153-4.plesk.page\/product\/ersatz-basis-fuer-wc-manuell-johnson-aquat\/"},"modified":"2026-02-24T23:34:47","modified_gmt":"2026-02-24T23:34:47","slug":"ersatz-basis-fuer-wc-manuell-johnson-aquat","status":"publish","type":"product","link":"https:\/\/stoic-curie.212-227-153-4.plesk.page\/de\/product\/ersatz-basis-fuer-wc-manuell-johnson-aquat\/","title":{"rendered":"Ersatz-Basis f\u00fcr WC-Manuell Johnson AquaT"},"content":{"rendered":"<p>Ersatz-Basis f\u00fcr WC-Manuell Johnson AquaT &#8211; <\/p>\n<p>Die Johnson AquaT Toilette verf\u00fcgt \u00fcber eine ergonomisch gestaltete, doppelt wirkende selbstansaugende Handpumpe, die sowohl rechts als auch links montiert werden kann. Sie funktioniert sowohl mit Frisch- als auch mit Salzwasser und kann oberhalb oder unterhalb der Wasserlinie montiert werden. Verf\u00fcgbar in drei Modellen: \u00e2\u0080\u00a2 Kompakt \u00e2\u0080\u0093 ideal f\u00fcr begrenzte R\u00e4ume mit einem runden Sitz \u00e2\u0080\u00a2 Komfort \u00e2\u0080\u0093 gr\u00f6\u00dfer und komfortabler mit ovalem Sitz \u00e2\u0080\u00a2 Super Kompakt &#8211; kleiner und leichter mit rundem Sitz. Hergestellt aus hochwertigem, wei\u00dfem, glasiertem Porzellan f\u00fcr optimale Hygiene. Praktisch, leise und zuverl\u00e4ssig. Starke Strudelwirkung f\u00fcr effizientes Sp\u00fclen. Messingkolbenf\u00fchrungsstange f\u00fcr eine verl\u00e4ngerte Lebensdauer. Federunterst\u00fctzter obere Ventilschluss f\u00fcr einfacheres Ansaugen. Doppelte R\u00fcckschlagventile mit vollem 38 mm (1 1\/2&#8243;) Durchmesser zur Verhinderung von R\u00fcckfluss. Multi-Winkel-Auslass f\u00fcr gr\u00f6\u00dfere Installationsfreiheit. Doppelt abgedichteter Grundplug f\u00fcr Winterentw\u00e4sserung und einfachen Reinigungszugang. Zug\u00e4ngliche Montagepunkte f\u00fcr schnellere Installation ohne Spezialwerkzeuge. Flexibles Bohrmuster an der Basis f\u00fcr einfachen Austausch mit den g\u00e4ngigsten Toiletten auf dem Markt. Anschluss \u00c3\u00b8 20 mm (3\/4\u00e2\u0080\u009d), Auslass \u00c3\u00b8 38 mm (1\u00e2\u0080\u009d 1\/2). 3 Jahre Garantie.<\/p>\n","protected":false},"excerpt":{"rendered":"<p>Ersatz-Basis f\u00fcr WC-Manuell Johnson AquaT &#8211; Die Johnson AquaT Toilette verf\u00fcgt \u00fcber eine ergonomisch gestaltete, doppelt wirkende selbstansaugende Handpumpe, die<\/p>\n","protected":false},"featured_media":5938545,"comment_status":"closed","ping_status":"closed","template":"","meta":[],"product_brand":[3045],"product_cat":[1388],"product_tag":[],"class_list":{"0":"post-3401366","1":"product","2":"type-product","3":"status-publish","4":"has-post-thumbnail","6":"product_brand-johnson-marine-de","7":"product_cat-marine-wcs","9":"first","10":"instock","11":"shipping-taxable","12":"purchasable","13":"product-type-simple"},"_links":{"self":[{"href":"https:\/\/stoic-curie.212-227-153-4.plesk.page\/de\/wp-json\/wp\/v2\/product\/3401366","targetHints":{"allow":["GET"]}}],"collection":[{"href":"https:\/\/stoic-curie.212-227-153-4.plesk.page\/de\/wp-json\/wp\/v2\/product"}],"about":[{"href":"https:\/\/stoic-curie.212-227-153-4.plesk.page\/de\/wp-json\/wp\/v2\/types\/product"}],"replies":[{"embeddable":true,"href":"https:\/\/stoic-curie.212-227-153-4.plesk.page\/de\/wp-json\/wp\/v2\/comments?post=3401366"}],"version-history":[{"count":0,"href":"https:\/\/stoic-curie.212-227-153-4.plesk.page\/de\/wp-json\/wp\/v2\/product\/3401366\/revisions"}],"wp:featuredmedia":[{"embeddable":true,"href":"https:\/\/stoic-curie.212-227-153-4.plesk.page\/de\/wp-json\/wp\/v2\/media\/5938545"}],"wp:attachment":[{"href":"https:\/\/stoic-curie.212-227-153-4.plesk.page\/de\/wp-json\/wp\/v2\/media?parent=3401366"}],"wp:term":[{"taxonomy":"product_brand","embeddable":true,"href":"https:\/\/stoic-curie.212-227-153-4.plesk.page\/de\/wp-json\/wp\/v2\/product_brand?post=3401366"},{"taxonomy":"product_cat","embeddable":true,"href":"https:\/\/stoic-curie.212-227-153-4.plesk.page\/de\/wp-json\/wp\/v2\/product_cat?post=3401366"},{"taxonomy":"product_tag","embeddable":true,"href":"https:\/\/stoic-curie.212-227-153-4.plesk.page\/de\/wp-json\/wp\/v2\/product_tag?post=3401366"}],"curies":[{"name":"wp","href":"https:\/\/api.w.org\/{rel}","templated":true}]}}