{"id":3401899,"date":"2025-10-09T22:38:49","date_gmt":"2025-10-10T02:38:49","guid":{"rendered":"https:\/\/stoic-curie.212-227-153-4.plesk.page\/product\/weisse-kunststoff-durchfuehrungshuelse-fuer-18mm-schlauch\/"},"modified":"2026-02-24T23:34:47","modified_gmt":"2026-02-24T23:34:47","slug":"weisse-kunststoff-durchfuehrungshuelse-fuer-18mm-schlauch","status":"publish","type":"product","link":"https:\/\/stoic-curie.212-227-153-4.plesk.page\/de\/product\/weisse-kunststoff-durchfuehrungshuelse-fuer-18mm-schlauch\/","title":{"rendered":"Wei\u00dfe Kunststoff Durchf\u00fchrungsh\u00fclse f\u00fcr 18mm Schlauch"},"content":{"rendered":"<p>Wei\u00dfe Kunststoff Durchf\u00fchrungsh\u00fclse f\u00fcr 18mm Schlauch &#8211; <\/p>\n<p>Wei\u00dfer Kunststoffschlauchstutzen Durchf\u00fchrungsanschluss.<\/p>\n","protected":false},"excerpt":{"rendered":"<p>Wei\u00dfe Kunststoff Durchf\u00fchrungsh\u00fclse f\u00fcr 18mm Schlauch &#8211; Wei\u00dfer Kunststoffschlauchstutzen Durchf\u00fchrungsanschluss.<\/p>\n","protected":false},"featured_media":5938616,"comment_status":"closed","ping_status":"closed","template":"","meta":[],"product_brand":[3210],"product_cat":[1379,1374],"product_tag":[],"class_list":{"0":"post-3401899","1":"product","2":"type-product","3":"status-publish","4":"has-post-thumbnail","6":"product_brand-nuova-rade-de","7":"product_cat-durch-rumpf-verschraubungen","8":"product_cat-kunststoff-wasserinstallationsarmaturen","10":"first","11":"instock","12":"shipping-taxable","13":"purchasable","14":"product-type-simple"},"_links":{"self":[{"href":"https:\/\/stoic-curie.212-227-153-4.plesk.page\/de\/wp-json\/wp\/v2\/product\/3401899","targetHints":{"allow":["GET"]}}],"collection":[{"href":"https:\/\/stoic-curie.212-227-153-4.plesk.page\/de\/wp-json\/wp\/v2\/product"}],"about":[{"href":"https:\/\/stoic-curie.212-227-153-4.plesk.page\/de\/wp-json\/wp\/v2\/types\/product"}],"replies":[{"embeddable":true,"href":"https:\/\/stoic-curie.212-227-153-4.plesk.page\/de\/wp-json\/wp\/v2\/comments?post=3401899"}],"version-history":[{"count":0,"href":"https:\/\/stoic-curie.212-227-153-4.plesk.page\/de\/wp-json\/wp\/v2\/product\/3401899\/revisions"}],"wp:featuredmedia":[{"embeddable":true,"href":"https:\/\/stoic-curie.212-227-153-4.plesk.page\/de\/wp-json\/wp\/v2\/media\/5938616"}],"wp:attachment":[{"href":"https:\/\/stoic-curie.212-227-153-4.plesk.page\/de\/wp-json\/wp\/v2\/media?parent=3401899"}],"wp:term":[{"taxonomy":"product_brand","embeddable":true,"href":"https:\/\/stoic-curie.212-227-153-4.plesk.page\/de\/wp-json\/wp\/v2\/product_brand?post=3401899"},{"taxonomy":"product_cat","embeddable":true,"href":"https:\/\/stoic-curie.212-227-153-4.plesk.page\/de\/wp-json\/wp\/v2\/product_cat?post=3401899"},{"taxonomy":"product_tag","embeddable":true,"href":"https:\/\/stoic-curie.212-227-153-4.plesk.page\/de\/wp-json\/wp\/v2\/product_tag?post=3401899"}],"curies":[{"name":"wp","href":"https:\/\/api.w.org\/{rel}","templated":true}]}}