{"id":3402247,"date":"2025-10-09T22:39:01","date_gmt":"2025-10-10T02:39:01","guid":{"rendered":"https:\/\/stoic-curie.212-227-153-4.plesk.page\/product\/geraendelte-spiegelentwaesserungen-fuer-erweiterbare-ablassstopfen-d22-7-grau\/"},"modified":"2026-02-24T23:34:47","modified_gmt":"2026-02-24T23:34:47","slug":"geraendelte-spiegelentwaesserungen-fuer-erweiterbare-ablassstopfen-d22-7-grau","status":"publish","type":"product","link":"https:\/\/stoic-curie.212-227-153-4.plesk.page\/de\/product\/geraendelte-spiegelentwaesserungen-fuer-erweiterbare-ablassstopfen-d22-7-grau\/","title":{"rendered":"Ger\u00e4ndelte Spiegelentw\u00e4sserungen f\u00fcr erweiterbare Ablassstopfen D22.7 grau"},"content":{"rendered":"<p>Ger\u00e4ndelte Spiegelentw\u00e4sserungen f\u00fcr erweiterbare Ablassstopfen D22.7 grau &#8211; <\/p>\n<p>Stacheldr\u00e4hte f\u00fcr Transomablassventile zur Erweiterung der Ablassst\u00f6psel: 1425010\/11\/12\/90\/91-1425114\/15\/16.<\/p>\n","protected":false},"excerpt":{"rendered":"<p>Ger\u00e4ndelte Spiegelentw\u00e4sserungen f\u00fcr erweiterbare Ablassstopfen D22.7 grau &#8211; Stacheldr\u00e4hte f\u00fcr Transomablassventile zur Erweiterung der Ablassst\u00f6psel: 1425010\/11\/12\/90\/91-1425114\/15\/16.<\/p>\n","protected":false},"featured_media":5938646,"comment_status":"closed","ping_status":"closed","template":"","meta":[],"product_brand":[3210],"product_cat":[1380,1379,1374],"product_tag":[],"class_list":{"0":"post-3402247","1":"product","2":"type-product","3":"status-publish","4":"has-post-thumbnail","6":"product_brand-nuova-rade-de","7":"product_cat-ablaufstopfen","8":"product_cat-durch-rumpf-verschraubungen","9":"product_cat-kunststoff-wasserinstallationsarmaturen","11":"first","12":"instock","13":"shipping-taxable","14":"purchasable","15":"product-type-simple"},"_links":{"self":[{"href":"https:\/\/stoic-curie.212-227-153-4.plesk.page\/de\/wp-json\/wp\/v2\/product\/3402247","targetHints":{"allow":["GET"]}}],"collection":[{"href":"https:\/\/stoic-curie.212-227-153-4.plesk.page\/de\/wp-json\/wp\/v2\/product"}],"about":[{"href":"https:\/\/stoic-curie.212-227-153-4.plesk.page\/de\/wp-json\/wp\/v2\/types\/product"}],"replies":[{"embeddable":true,"href":"https:\/\/stoic-curie.212-227-153-4.plesk.page\/de\/wp-json\/wp\/v2\/comments?post=3402247"}],"version-history":[{"count":0,"href":"https:\/\/stoic-curie.212-227-153-4.plesk.page\/de\/wp-json\/wp\/v2\/product\/3402247\/revisions"}],"wp:featuredmedia":[{"embeddable":true,"href":"https:\/\/stoic-curie.212-227-153-4.plesk.page\/de\/wp-json\/wp\/v2\/media\/5938646"}],"wp:attachment":[{"href":"https:\/\/stoic-curie.212-227-153-4.plesk.page\/de\/wp-json\/wp\/v2\/media?parent=3402247"}],"wp:term":[{"taxonomy":"product_brand","embeddable":true,"href":"https:\/\/stoic-curie.212-227-153-4.plesk.page\/de\/wp-json\/wp\/v2\/product_brand?post=3402247"},{"taxonomy":"product_cat","embeddable":true,"href":"https:\/\/stoic-curie.212-227-153-4.plesk.page\/de\/wp-json\/wp\/v2\/product_cat?post=3402247"},{"taxonomy":"product_tag","embeddable":true,"href":"https:\/\/stoic-curie.212-227-153-4.plesk.page\/de\/wp-json\/wp\/v2\/product_tag?post=3402247"}],"curies":[{"name":"wp","href":"https:\/\/api.w.org\/{rel}","templated":true}]}}