{"id":3402353,"date":"2025-10-09T22:39:05","date_gmt":"2025-10-10T02:39:05","guid":{"rendered":"https:\/\/stoic-curie.212-227-153-4.plesk.page\/product\/polypropylenablaufdurchfuehrung-50mm\/"},"modified":"2026-02-24T23:34:47","modified_gmt":"2026-02-24T23:34:47","slug":"polypropylenablaufdurchfuehrung-50mm","status":"publish","type":"product","link":"https:\/\/stoic-curie.212-227-153-4.plesk.page\/de\/product\/polypropylenablaufdurchfuehrung-50mm\/","title":{"rendered":"Polypropylenablaufdurchf\u00fchrung 50mm"},"content":{"rendered":"<p>Polypropylenablaufdurchf\u00fchrung 50mm &#8211; <\/p>\n<p>Sehr stabiles, wei\u00dfes Polypropylen-Hoseneinlassverbinder mit gro\u00dfen Schlauchanschl\u00fcssen. Mit optionalem, einfach zu montierenden N\/R-R\u00fcckschlagventilverschluss.<\/p>\n","protected":false},"excerpt":{"rendered":"<p>Polypropylenablaufdurchf\u00fchrung 50mm &#8211; Sehr stabiles, wei\u00dfes Polypropylen-Hoseneinlassverbinder mit gro\u00dfen Schlauchanschl\u00fcssen. Mit optionalem, einfach zu montierenden N\/R-R\u00fcckschlagventilverschluss.<\/p>\n","protected":false},"featured_media":5938661,"comment_status":"closed","ping_status":"closed","template":"","meta":[],"product_brand":[3210],"product_cat":[1380,1379,1374],"product_tag":[],"class_list":{"0":"post-3402353","1":"product","2":"type-product","3":"status-publish","4":"has-post-thumbnail","6":"product_brand-nuova-rade-de","7":"product_cat-ablaufstopfen","8":"product_cat-durch-rumpf-verschraubungen","9":"product_cat-kunststoff-wasserinstallationsarmaturen","11":"first","12":"instock","13":"shipping-taxable","14":"purchasable","15":"product-type-simple"},"_links":{"self":[{"href":"https:\/\/stoic-curie.212-227-153-4.plesk.page\/de\/wp-json\/wp\/v2\/product\/3402353","targetHints":{"allow":["GET"]}}],"collection":[{"href":"https:\/\/stoic-curie.212-227-153-4.plesk.page\/de\/wp-json\/wp\/v2\/product"}],"about":[{"href":"https:\/\/stoic-curie.212-227-153-4.plesk.page\/de\/wp-json\/wp\/v2\/types\/product"}],"replies":[{"embeddable":true,"href":"https:\/\/stoic-curie.212-227-153-4.plesk.page\/de\/wp-json\/wp\/v2\/comments?post=3402353"}],"version-history":[{"count":0,"href":"https:\/\/stoic-curie.212-227-153-4.plesk.page\/de\/wp-json\/wp\/v2\/product\/3402353\/revisions"}],"wp:featuredmedia":[{"embeddable":true,"href":"https:\/\/stoic-curie.212-227-153-4.plesk.page\/de\/wp-json\/wp\/v2\/media\/5938661"}],"wp:attachment":[{"href":"https:\/\/stoic-curie.212-227-153-4.plesk.page\/de\/wp-json\/wp\/v2\/media?parent=3402353"}],"wp:term":[{"taxonomy":"product_brand","embeddable":true,"href":"https:\/\/stoic-curie.212-227-153-4.plesk.page\/de\/wp-json\/wp\/v2\/product_brand?post=3402353"},{"taxonomy":"product_cat","embeddable":true,"href":"https:\/\/stoic-curie.212-227-153-4.plesk.page\/de\/wp-json\/wp\/v2\/product_cat?post=3402353"},{"taxonomy":"product_tag","embeddable":true,"href":"https:\/\/stoic-curie.212-227-153-4.plesk.page\/de\/wp-json\/wp\/v2\/product_tag?post=3402353"}],"curies":[{"name":"wp","href":"https:\/\/api.w.org\/{rel}","templated":true}]}}