{"id":3402400,"date":"2025-10-09T22:39:07","date_gmt":"2025-10-10T02:39:07","guid":{"rendered":"https:\/\/stoic-curie.212-227-153-4.plesk.page\/product\/johnson-bilgenfilter-25-38\/"},"modified":"2026-02-24T23:34:47","modified_gmt":"2026-02-24T23:34:47","slug":"johnson-bilgenfilter-25-38","status":"publish","type":"product","link":"https:\/\/stoic-curie.212-227-153-4.plesk.page\/de\/product\/johnson-bilgenfilter-25-38\/","title":{"rendered":"Johnson Bilgenfilter 25\/38"},"content":{"rendered":"<p>Johnson Bilgenfilter 25\/38 &#8211; <\/p>\n<p>Der Johnson Bilgenfilter mit R\u00fcckschlagventil wurde entwickelt, um zu verhindern, dass Schmutz aus dem Bilgenwasser das Saugrohr blockiert. Er sorgt daf\u00fcr, dass die Saugrohre immer gut gef\u00fcllt sind. Wartung und Reinigung sind einfach und ohne den Einsatz von Werkzeugen m\u00f6glich.<\/p>\n","protected":false},"excerpt":{"rendered":"<p>Johnson Bilgenfilter 25\/38 &#8211; Der Johnson Bilgenfilter mit R\u00fcckschlagventil wurde entwickelt, um zu verhindern, dass Schmutz aus dem Bilgenwasser das<\/p>\n","protected":false},"featured_media":5938674,"comment_status":"closed","ping_status":"closed","template":"","meta":[],"product_brand":[3045],"product_cat":[1363],"product_tag":[],"class_list":{"0":"post-3402400","1":"product","2":"type-product","3":"status-publish","4":"has-post-thumbnail","6":"product_brand-johnson-marine-de","7":"product_cat-bilgenfilter","9":"first","10":"instock","11":"shipping-taxable","12":"purchasable","13":"product-type-simple"},"_links":{"self":[{"href":"https:\/\/stoic-curie.212-227-153-4.plesk.page\/de\/wp-json\/wp\/v2\/product\/3402400","targetHints":{"allow":["GET"]}}],"collection":[{"href":"https:\/\/stoic-curie.212-227-153-4.plesk.page\/de\/wp-json\/wp\/v2\/product"}],"about":[{"href":"https:\/\/stoic-curie.212-227-153-4.plesk.page\/de\/wp-json\/wp\/v2\/types\/product"}],"replies":[{"embeddable":true,"href":"https:\/\/stoic-curie.212-227-153-4.plesk.page\/de\/wp-json\/wp\/v2\/comments?post=3402400"}],"version-history":[{"count":0,"href":"https:\/\/stoic-curie.212-227-153-4.plesk.page\/de\/wp-json\/wp\/v2\/product\/3402400\/revisions"}],"wp:featuredmedia":[{"embeddable":true,"href":"https:\/\/stoic-curie.212-227-153-4.plesk.page\/de\/wp-json\/wp\/v2\/media\/5938674"}],"wp:attachment":[{"href":"https:\/\/stoic-curie.212-227-153-4.plesk.page\/de\/wp-json\/wp\/v2\/media?parent=3402400"}],"wp:term":[{"taxonomy":"product_brand","embeddable":true,"href":"https:\/\/stoic-curie.212-227-153-4.plesk.page\/de\/wp-json\/wp\/v2\/product_brand?post=3402400"},{"taxonomy":"product_cat","embeddable":true,"href":"https:\/\/stoic-curie.212-227-153-4.plesk.page\/de\/wp-json\/wp\/v2\/product_cat?post=3402400"},{"taxonomy":"product_tag","embeddable":true,"href":"https:\/\/stoic-curie.212-227-153-4.plesk.page\/de\/wp-json\/wp\/v2\/product_tag?post=3402400"}],"curies":[{"name":"wp","href":"https:\/\/api.w.org\/{rel}","templated":true}]}}